{"id":1005,"date":"2021-07-22T12:01:03","date_gmt":"2021-07-22T10:01:03","guid":{"rendered":"https:\/\/narducci.apuliasmart.it\/?page_id=1005"},"modified":"2021-08-11T11:33:08","modified_gmt":"2021-08-11T09:33:08","slug":"mangiare-lento","status":"publish","type":"page","link":"https:\/\/www.masserianarducci.it\/it\/lifestyle\/mangiare-lento\/","title":{"rendered":"Mangiare lento"},"content":{"rendered":"\t\t<div data-elementor-type=\"wp-page\" data-elementor-id=\"1005\" class=\"elementor elementor-1005\" data-elementor-post-type=\"page\">\n\t\t\t\t\t\t<section class=\"elementor-section elementor-top-section elementor-element elementor-element-6dff1170 elementor-section-full_width elementor-section-height-default elementor-section-height-default\" data-id=\"6dff1170\" data-element_type=\"section\" data-e-type=\"section\" data-settings=\"{&quot;jet_parallax_layout_list&quot;:[{&quot;jet_parallax_layout_image&quot;:{&quot;url&quot;:&quot;&quot;,&quot;id&quot;:&quot;&quot;,&quot;size&quot;:&quot;&quot;},&quot;_id&quot;:&quot;53cfc90&quot;,&quot;jet_parallax_layout_image_tablet&quot;:{&quot;url&quot;:&quot;&quot;,&quot;id&quot;:&quot;&quot;,&quot;size&quot;:&quot;&quot;},&quot;jet_parallax_layout_image_mobile&quot;:{&quot;url&quot;:&quot;&quot;,&quot;id&quot;:&quot;&quot;,&quot;size&quot;:&quot;&quot;},&quot;jet_parallax_layout_speed&quot;:{&quot;unit&quot;:&quot;%&quot;,&quot;size&quot;:50,&quot;sizes&quot;:[]},&quot;jet_parallax_layout_type&quot;:&quot;scroll&quot;,&quot;jet_parallax_layout_direction&quot;:&quot;1&quot;,&quot;jet_parallax_layout_fx_direction&quot;:null,&quot;jet_parallax_layout_z_index&quot;:&quot;&quot;,&quot;jet_parallax_layout_bg_x&quot;:50,&quot;jet_parallax_layout_bg_x_tablet&quot;:&quot;&quot;,&quot;jet_parallax_layout_bg_x_mobile&quot;:&quot;&quot;,&quot;jet_parallax_layout_bg_y&quot;:50,&quot;jet_parallax_layout_bg_y_tablet&quot;:&quot;&quot;,&quot;jet_parallax_layout_bg_y_mobile&quot;:&quot;&quot;,&quot;jet_parallax_layout_bg_size&quot;:&quot;auto&quot;,&quot;jet_parallax_layout_bg_size_tablet&quot;:&quot;&quot;,&quot;jet_parallax_layout_bg_size_mobile&quot;:&quot;&quot;,&quot;jet_parallax_layout_animation_prop&quot;:&quot;transform&quot;,&quot;jet_parallax_layout_on&quot;:[&quot;desktop&quot;,&quot;tablet&quot;]}]}\">\n\t\t\t\t\t\t<div class=\"elementor-container elementor-column-gap-default\">\n\t\t\t\t\t<div class=\"elementor-column elementor-col-100 elementor-top-column elementor-element elementor-element-5a1b54d7\" data-id=\"5a1b54d7\" data-element_type=\"column\" data-e-type=\"column\">\n\t\t\t<div class=\"elementor-widget-wrap elementor-element-populated\">\n\t\t\t\t\t\t<div class=\"elementor-element elementor-element-21e2090 img-header elementor-widget elementor-widget-image\" data-id=\"21e2090\" data-element_type=\"widget\" data-e-type=\"widget\" data-widget_type=\"image.default\">\n\t\t\t\t<div class=\"elementor-widget-container\">\n\t\t\t\t\t\t\t\t\t\t\t\t\t\t\t<img fetchpriority=\"high\" decoding=\"async\" width=\"1740\" height=\"820\" src=\"https:\/\/www.masserianarducci.it\/wp-content\/uploads\/2021\/07\/Masseria-Narducci-agriturismo-puglia-lifestyle-header-mangiare-lento-1.jpg\" class=\"attachment-full size-full wp-image-1217\" alt=\"Masseria Narducci: agriturismo in Puglia\" srcset=\"https:\/\/www.masserianarducci.it\/wp-content\/uploads\/2021\/07\/Masseria-Narducci-agriturismo-puglia-lifestyle-header-mangiare-lento-1.jpg 1740w, https:\/\/www.masserianarducci.it\/wp-content\/uploads\/2021\/07\/Masseria-Narducci-agriturismo-puglia-lifestyle-header-mangiare-lento-1-300x141.jpg 300w, https:\/\/www.masserianarducci.it\/wp-content\/uploads\/2021\/07\/Masseria-Narducci-agriturismo-puglia-lifestyle-header-mangiare-lento-1-1024x483.jpg 1024w, https:\/\/www.masserianarducci.it\/wp-content\/uploads\/2021\/07\/Masseria-Narducci-agriturismo-puglia-lifestyle-header-mangiare-lento-1-768x362.jpg 768w, https:\/\/www.masserianarducci.it\/wp-content\/uploads\/2021\/07\/Masseria-Narducci-agriturismo-puglia-lifestyle-header-mangiare-lento-1-1536x724.jpg 1536w, https:\/\/www.masserianarducci.it\/wp-content\/uploads\/2021\/07\/Masseria-Narducci-agriturismo-puglia-lifestyle-header-mangiare-lento-1-600x283.jpg 600w\" sizes=\"(max-width: 1740px) 100vw, 1740px\" \/>\t\t\t\t\t\t\t\t\t\t\t\t\t\t\t<\/div>\n\t\t\t\t<\/div>\n\t\t\t\t\t<\/div>\n\t\t<\/div>\n\t\t\t\t\t<\/div>\n\t\t<\/section>\n\t\t\t\t<section class=\"elementor-section elementor-top-section elementor-element elementor-element-e07554b elementor-section-boxed elementor-section-height-default elementor-section-height-default\" data-id=\"e07554b\" data-element_type=\"section\" data-e-type=\"section\" data-settings=\"{&quot;jet_parallax_layout_list&quot;:[{&quot;jet_parallax_layout_image&quot;:{&quot;url&quot;:&quot;&quot;,&quot;id&quot;:&quot;&quot;,&quot;size&quot;:&quot;&quot;},&quot;_id&quot;:&quot;34c8a45&quot;,&quot;jet_parallax_layout_image_tablet&quot;:{&quot;url&quot;:&quot;&quot;,&quot;id&quot;:&quot;&quot;,&quot;size&quot;:&quot;&quot;},&quot;jet_parallax_layout_image_mobile&quot;:{&quot;url&quot;:&quot;&quot;,&quot;id&quot;:&quot;&quot;,&quot;size&quot;:&quot;&quot;},&quot;jet_parallax_layout_speed&quot;:{&quot;unit&quot;:&quot;%&quot;,&quot;size&quot;:50,&quot;sizes&quot;:[]},&quot;jet_parallax_layout_type&quot;:&quot;scroll&quot;,&quot;jet_parallax_layout_direction&quot;:&quot;1&quot;,&quot;jet_parallax_layout_fx_direction&quot;:null,&quot;jet_parallax_layout_z_index&quot;:&quot;&quot;,&quot;jet_parallax_layout_bg_x&quot;:50,&quot;jet_parallax_layout_bg_x_tablet&quot;:&quot;&quot;,&quot;jet_parallax_layout_bg_x_mobile&quot;:&quot;&quot;,&quot;jet_parallax_layout_bg_y&quot;:50,&quot;jet_parallax_layout_bg_y_tablet&quot;:&quot;&quot;,&quot;jet_parallax_layout_bg_y_mobile&quot;:&quot;&quot;,&quot;jet_parallax_layout_bg_size&quot;:&quot;auto&quot;,&quot;jet_parallax_layout_bg_size_tablet&quot;:&quot;&quot;,&quot;jet_parallax_layout_bg_size_mobile&quot;:&quot;&quot;,&quot;jet_parallax_layout_animation_prop&quot;:&quot;transform&quot;,&quot;jet_parallax_layout_on&quot;:[&quot;desktop&quot;,&quot;tablet&quot;]}]}\">\n\t\t\t\t\t\t<div class=\"elementor-container elementor-column-gap-default\">\n\t\t\t\t\t<div class=\"elementor-column elementor-col-100 elementor-top-column elementor-element elementor-element-103c6cf\" data-id=\"103c6cf\" data-element_type=\"column\" data-e-type=\"column\">\n\t\t\t<div class=\"elementor-widget-wrap elementor-element-populated\">\n\t\t\t\t\t\t<div class=\"elementor-element elementor-element-575dd58 elementor-widget elementor-widget-text-editor\" data-id=\"575dd58\" data-element_type=\"widget\" data-e-type=\"widget\" data-widget_type=\"text-editor.default\">\n\t\t\t\t<div class=\"elementor-widget-container\">\n\t\t\t\t\t\t\t\t\t<p><img decoding=\"async\" class=\"alignnone size-full wp-image-100\" src=\"https:\/\/masserianarducci.it\/wp-content\/uploads\/2021\/07\/Ristorante.svg\" alt=\"\" width=\"39\" height=\"36\" \/><span style=\"color: #d0a539;\"><strong>MANGIARE LENTO<\/strong><\/span><\/p>\t\t\t\t\t\t\t\t<\/div>\n\t\t\t\t<\/div>\n\t\t\t\t<div class=\"elementor-element elementor-element-35d8117 elementor-widget elementor-widget-heading\" data-id=\"35d8117\" data-element_type=\"widget\" data-e-type=\"widget\" data-widget_type=\"heading.default\">\n\t\t\t\t<div class=\"elementor-widget-container\">\n\t\t\t\t\t<h1 class=\"elementor-heading-title elementor-size-default\">Mangiare bene, mangiare senza fretta, con cura<\/h1>\t\t\t\t<\/div>\n\t\t\t\t<\/div>\n\t\t\t\t\t<\/div>\n\t\t<\/div>\n\t\t\t\t\t<\/div>\n\t\t<\/section>\n\t\t\t\t<section class=\"elementor-section elementor-top-section elementor-element elementor-element-8937163 elementor-section-boxed elementor-section-height-default elementor-section-height-default\" data-id=\"8937163\" data-element_type=\"section\" data-e-type=\"section\" data-settings=\"{&quot;jet_parallax_layout_list&quot;:[{&quot;jet_parallax_layout_image&quot;:{&quot;url&quot;:&quot;&quot;,&quot;id&quot;:&quot;&quot;,&quot;size&quot;:&quot;&quot;},&quot;_id&quot;:&quot;dae771a&quot;,&quot;jet_parallax_layout_image_tablet&quot;:{&quot;url&quot;:&quot;&quot;,&quot;id&quot;:&quot;&quot;,&quot;size&quot;:&quot;&quot;},&quot;jet_parallax_layout_image_mobile&quot;:{&quot;url&quot;:&quot;&quot;,&quot;id&quot;:&quot;&quot;,&quot;size&quot;:&quot;&quot;},&quot;jet_parallax_layout_speed&quot;:{&quot;unit&quot;:&quot;%&quot;,&quot;size&quot;:50,&quot;sizes&quot;:[]},&quot;jet_parallax_layout_type&quot;:&quot;scroll&quot;,&quot;jet_parallax_layout_direction&quot;:&quot;1&quot;,&quot;jet_parallax_layout_fx_direction&quot;:null,&quot;jet_parallax_layout_z_index&quot;:&quot;&quot;,&quot;jet_parallax_layout_bg_x&quot;:50,&quot;jet_parallax_layout_bg_x_tablet&quot;:&quot;&quot;,&quot;jet_parallax_layout_bg_x_mobile&quot;:&quot;&quot;,&quot;jet_parallax_layout_bg_y&quot;:50,&quot;jet_parallax_layout_bg_y_tablet&quot;:&quot;&quot;,&quot;jet_parallax_layout_bg_y_mobile&quot;:&quot;&quot;,&quot;jet_parallax_layout_bg_size&quot;:&quot;auto&quot;,&quot;jet_parallax_layout_bg_size_tablet&quot;:&quot;&quot;,&quot;jet_parallax_layout_bg_size_mobile&quot;:&quot;&quot;,&quot;jet_parallax_layout_animation_prop&quot;:&quot;transform&quot;,&quot;jet_parallax_layout_on&quot;:[&quot;desktop&quot;,&quot;tablet&quot;]}]}\">\n\t\t\t\t\t\t<div class=\"elementor-container elementor-column-gap-default\">\n\t\t\t\t\t<div class=\"elementor-column elementor-col-50 elementor-top-column elementor-element elementor-element-af5febf elementor-hidden-phone\" data-id=\"af5febf\" data-element_type=\"column\" data-e-type=\"column\">\n\t\t\t<div class=\"elementor-widget-wrap\">\n\t\t\t\t\t\t\t<\/div>\n\t\t<\/div>\n\t\t\t\t<div class=\"elementor-column elementor-col-50 elementor-top-column elementor-element elementor-element-e4f6fd7\" data-id=\"e4f6fd7\" data-element_type=\"column\" data-e-type=\"column\">\n\t\t\t<div class=\"elementor-widget-wrap elementor-element-populated\">\n\t\t\t\t\t\t<div class=\"elementor-element elementor-element-59353cf elementor-widget elementor-widget-text-editor\" data-id=\"59353cf\" data-element_type=\"widget\" data-e-type=\"widget\" data-widget_type=\"text-editor.default\">\n\t\t\t\t<div class=\"elementor-widget-container\">\n\t\t\t\t\t\t\t\t\t<p>\u00c8 stato dimostrato che mangiare in fretta \u00e8 poco salutare; mangiare piano invece \u00e8 utile per tanti motivi. Perch\u00e9 dunque non approfittare dell\u2019aria salubre di masseria per imparare a prendersi cura di s\u00e9 stessi?<\/p><p>La filosofia del mangiare lento \u00e8 una pratica che seguiamo da sempre, un\u2019abitudine che cerchiamo di trasmettere ai nostri ospiti per insegnare loro ad assaporare e apprezzare meglio i prodotti della nostra terra.<\/p>\t\t\t\t\t\t\t\t<\/div>\n\t\t\t\t<\/div>\n\t\t\t\t\t<\/div>\n\t\t<\/div>\n\t\t\t\t\t<\/div>\n\t\t<\/section>\n\t\t\t\t<\/div>\n\t\t","protected":false},"excerpt":{"rendered":"<p>MANGIARE LENTO Mangiare bene, mangiare senza fretta, con cura \u00c8 stato dimostrato che mangiare in fretta \u00e8 poco salutare; mangiare piano invece \u00e8 utile per tanti motivi. Perch\u00e9 dunque non approfittare dell\u2019aria salubre di masseria per imparare a prendersi cura di s\u00e9 stessi? La filosofia del mangiare lento \u00e8 una pratica che seguiamo da sempre, [&hellip;]<\/p>\n","protected":false},"author":1,"featured_media":0,"parent":993,"menu_order":0,"comment_status":"closed","ping_status":"closed","template":"full-width.php","meta":{"footnotes":""},"class_list":["post-1005","page","type-page","status-publish","hentry"],"acf":[],"yoast_head":"<!-- This site is optimized with the Yoast SEO plugin v27.2 - https:\/\/yoast.com\/product\/yoast-seo-wordpress\/ -->\n<title>Mangiare lento- Masseria Narducci<\/title>\n<meta name=\"description\" content=\"MANGIARE LENTO Mangiare bene, mangiare senza fretta, con cura \u00c8 stato dimostrato che mangiare in fretta \u00e8 poco salutare; mangiare piano invece \u00e8 utile per\" \/>\n<meta name=\"robots\" content=\"index, follow, max-snippet:-1, max-image-preview:large, max-video-preview:-1\" \/>\n<link rel=\"canonical\" href=\"https:\/\/www.masserianarducci.it\/it\/lifestyle\/mangiare-lento\/\" \/>\n<meta property=\"og:locale\" content=\"it_IT\" \/>\n<meta property=\"og:type\" content=\"article\" \/>\n<meta property=\"og:title\" content=\"Mangiare lento- Masseria Narducci\" \/>\n<meta property=\"og:description\" content=\"MANGIARE LENTO Mangiare bene, mangiare senza fretta, con cura \u00c8 stato dimostrato che mangiare in fretta \u00e8 poco salutare; mangiare piano invece \u00e8 utile per\" \/>\n<meta property=\"og:url\" content=\"https:\/\/www.masserianarducci.it\/it\/lifestyle\/mangiare-lento\/\" \/>\n<meta property=\"og:site_name\" content=\"Masseria Narducci\" \/>\n<meta property=\"article:modified_time\" content=\"2021-08-11T09:33:08+00:00\" \/>\n<meta property=\"og:image\" content=\"https:\/\/masserianarducci.it\/wp-content\/uploads\/2021\/07\/Masseria-Narducci-agriturismo-puglia-lifestyle-header-mangiare-lento-1.jpg\" \/>\n<meta name=\"twitter:card\" content=\"summary_large_image\" \/>\n<script type=\"application\/ld+json\" class=\"yoast-schema-graph\">{\"@context\":\"https:\/\/schema.org\",\"@graph\":[{\"@type\":\"WebPage\",\"@id\":\"https:\/\/www.masserianarducci.it\/it\/lifestyle\/mangiare-lento\/\",\"url\":\"https:\/\/www.masserianarducci.it\/it\/lifestyle\/mangiare-lento\/\",\"name\":\"Mangiare lento- Masseria Narducci\",\"isPartOf\":{\"@id\":\"https:\/\/www.masserianarducci.it\/it\/#website\"},\"primaryImageOfPage\":{\"@id\":\"https:\/\/www.masserianarducci.it\/it\/lifestyle\/mangiare-lento\/#primaryimage\"},\"image\":{\"@id\":\"https:\/\/www.masserianarducci.it\/it\/lifestyle\/mangiare-lento\/#primaryimage\"},\"thumbnailUrl\":\"https:\/\/masserianarducci.it\/wp-content\/uploads\/2021\/07\/Masseria-Narducci-agriturismo-puglia-lifestyle-header-mangiare-lento-1.jpg\",\"datePublished\":\"2021-07-22T10:01:03+00:00\",\"dateModified\":\"2021-08-11T09:33:08+00:00\",\"description\":\"MANGIARE LENTO Mangiare bene, mangiare senza fretta, con cura \u00c8 stato dimostrato che mangiare in fretta \u00e8 poco salutare; mangiare piano invece \u00e8 utile per\",\"breadcrumb\":{\"@id\":\"https:\/\/www.masserianarducci.it\/it\/lifestyle\/mangiare-lento\/#breadcrumb\"},\"inLanguage\":\"it-IT\",\"potentialAction\":[{\"@type\":\"ReadAction\",\"target\":[\"https:\/\/www.masserianarducci.it\/it\/lifestyle\/mangiare-lento\/\"]}]},{\"@type\":\"ImageObject\",\"inLanguage\":\"it-IT\",\"@id\":\"https:\/\/www.masserianarducci.it\/it\/lifestyle\/mangiare-lento\/#primaryimage\",\"url\":\"https:\/\/masserianarducci.it\/wp-content\/uploads\/2021\/07\/Masseria-Narducci-agriturismo-puglia-lifestyle-header-mangiare-lento-1.jpg\",\"contentUrl\":\"https:\/\/masserianarducci.it\/wp-content\/uploads\/2021\/07\/Masseria-Narducci-agriturismo-puglia-lifestyle-header-mangiare-lento-1.jpg\"},{\"@type\":\"BreadcrumbList\",\"@id\":\"https:\/\/www.masserianarducci.it\/it\/lifestyle\/mangiare-lento\/#breadcrumb\",\"itemListElement\":[{\"@type\":\"ListItem\",\"position\":1,\"name\":\"Home\",\"item\":\"https:\/\/www.masserianarducci.it\/it\/\"},{\"@type\":\"ListItem\",\"position\":2,\"name\":\"Esperienze\",\"item\":\"https:\/\/www.masserianarducci.it\/it\/lifestyle\/\"},{\"@type\":\"ListItem\",\"position\":3,\"name\":\"Mangiare lento\"}]},{\"@type\":\"WebSite\",\"@id\":\"https:\/\/www.masserianarducci.it\/it\/#website\",\"url\":\"https:\/\/www.masserianarducci.it\/it\/\",\"name\":\"Masseria Narducci\",\"description\":\"\",\"potentialAction\":[{\"@type\":\"SearchAction\",\"target\":{\"@type\":\"EntryPoint\",\"urlTemplate\":\"https:\/\/www.masserianarducci.it\/it\/?s={search_term_string}\"},\"query-input\":{\"@type\":\"PropertyValueSpecification\",\"valueRequired\":true,\"valueName\":\"search_term_string\"}}],\"inLanguage\":\"it-IT\"}]}<\/script>\n<!-- \/ Yoast SEO plugin. -->","yoast_head_json":{"title":"Mangiare lento- Masseria Narducci","description":"MANGIARE LENTO Mangiare bene, mangiare senza fretta, con cura \u00c8 stato dimostrato che mangiare in fretta \u00e8 poco salutare; mangiare piano invece \u00e8 utile per","robots":{"index":"index","follow":"follow","max-snippet":"max-snippet:-1","max-image-preview":"max-image-preview:large","max-video-preview":"max-video-preview:-1"},"canonical":"https:\/\/www.masserianarducci.it\/it\/lifestyle\/mangiare-lento\/","og_locale":"it_IT","og_type":"article","og_title":"Mangiare lento- Masseria Narducci","og_description":"MANGIARE LENTO Mangiare bene, mangiare senza fretta, con cura \u00c8 stato dimostrato che mangiare in fretta \u00e8 poco salutare; mangiare piano invece \u00e8 utile per","og_url":"https:\/\/www.masserianarducci.it\/it\/lifestyle\/mangiare-lento\/","og_site_name":"Masseria Narducci","article_modified_time":"2021-08-11T09:33:08+00:00","og_image":[{"url":"https:\/\/masserianarducci.it\/wp-content\/uploads\/2021\/07\/Masseria-Narducci-agriturismo-puglia-lifestyle-header-mangiare-lento-1.jpg","type":"","width":"","height":""}],"twitter_card":"summary_large_image","schema":{"@context":"https:\/\/schema.org","@graph":[{"@type":"WebPage","@id":"https:\/\/www.masserianarducci.it\/it\/lifestyle\/mangiare-lento\/","url":"https:\/\/www.masserianarducci.it\/it\/lifestyle\/mangiare-lento\/","name":"Mangiare lento- Masseria Narducci","isPartOf":{"@id":"https:\/\/www.masserianarducci.it\/it\/#website"},"primaryImageOfPage":{"@id":"https:\/\/www.masserianarducci.it\/it\/lifestyle\/mangiare-lento\/#primaryimage"},"image":{"@id":"https:\/\/www.masserianarducci.it\/it\/lifestyle\/mangiare-lento\/#primaryimage"},"thumbnailUrl":"https:\/\/masserianarducci.it\/wp-content\/uploads\/2021\/07\/Masseria-Narducci-agriturismo-puglia-lifestyle-header-mangiare-lento-1.jpg","datePublished":"2021-07-22T10:01:03+00:00","dateModified":"2021-08-11T09:33:08+00:00","description":"MANGIARE LENTO Mangiare bene, mangiare senza fretta, con cura \u00c8 stato dimostrato che mangiare in fretta \u00e8 poco salutare; mangiare piano invece \u00e8 utile per","breadcrumb":{"@id":"https:\/\/www.masserianarducci.it\/it\/lifestyle\/mangiare-lento\/#breadcrumb"},"inLanguage":"it-IT","potentialAction":[{"@type":"ReadAction","target":["https:\/\/www.masserianarducci.it\/it\/lifestyle\/mangiare-lento\/"]}]},{"@type":"ImageObject","inLanguage":"it-IT","@id":"https:\/\/www.masserianarducci.it\/it\/lifestyle\/mangiare-lento\/#primaryimage","url":"https:\/\/masserianarducci.it\/wp-content\/uploads\/2021\/07\/Masseria-Narducci-agriturismo-puglia-lifestyle-header-mangiare-lento-1.jpg","contentUrl":"https:\/\/masserianarducci.it\/wp-content\/uploads\/2021\/07\/Masseria-Narducci-agriturismo-puglia-lifestyle-header-mangiare-lento-1.jpg"},{"@type":"BreadcrumbList","@id":"https:\/\/www.masserianarducci.it\/it\/lifestyle\/mangiare-lento\/#breadcrumb","itemListElement":[{"@type":"ListItem","position":1,"name":"Home","item":"https:\/\/www.masserianarducci.it\/it\/"},{"@type":"ListItem","position":2,"name":"Esperienze","item":"https:\/\/www.masserianarducci.it\/it\/lifestyle\/"},{"@type":"ListItem","position":3,"name":"Mangiare lento"}]},{"@type":"WebSite","@id":"https:\/\/www.masserianarducci.it\/it\/#website","url":"https:\/\/www.masserianarducci.it\/it\/","name":"Masseria Narducci","description":"","potentialAction":[{"@type":"SearchAction","target":{"@type":"EntryPoint","urlTemplate":"https:\/\/www.masserianarducci.it\/it\/?s={search_term_string}"},"query-input":{"@type":"PropertyValueSpecification","valueRequired":true,"valueName":"search_term_string"}}],"inLanguage":"it-IT"}]}},"_links":{"self":[{"href":"https:\/\/www.masserianarducci.it\/it\/wp-json\/wp\/v2\/pages\/1005","targetHints":{"allow":["GET"]}}],"collection":[{"href":"https:\/\/www.masserianarducci.it\/it\/wp-json\/wp\/v2\/pages"}],"about":[{"href":"https:\/\/www.masserianarducci.it\/it\/wp-json\/wp\/v2\/types\/page"}],"author":[{"embeddable":true,"href":"https:\/\/www.masserianarducci.it\/it\/wp-json\/wp\/v2\/users\/1"}],"replies":[{"embeddable":true,"href":"https:\/\/www.masserianarducci.it\/it\/wp-json\/wp\/v2\/comments?post=1005"}],"version-history":[{"count":22,"href":"https:\/\/www.masserianarducci.it\/it\/wp-json\/wp\/v2\/pages\/1005\/revisions"}],"predecessor-version":[{"id":2752,"href":"https:\/\/www.masserianarducci.it\/it\/wp-json\/wp\/v2\/pages\/1005\/revisions\/2752"}],"up":[{"embeddable":true,"href":"https:\/\/www.masserianarducci.it\/it\/wp-json\/wp\/v2\/pages\/993"}],"wp:attachment":[{"href":"https:\/\/www.masserianarducci.it\/it\/wp-json\/wp\/v2\/media?parent=1005"}],"curies":[{"name":"wp","href":"https:\/\/api.w.org\/{rel}","templated":true}]}}