{"id":1028,"date":"2021-07-22T12:21:37","date_gmt":"2021-07-22T10:21:37","guid":{"rendered":"https:\/\/narducci.apuliasmart.it\/?page_id=1028"},"modified":"2022-01-20T19:02:21","modified_gmt":"2022-01-20T18:02:21","slug":"ostuni","status":"publish","type":"page","link":"https:\/\/www.masserianarducci.it\/it\/esperienze\/ostuni\/","title":{"rendered":"Ostuni"},"content":{"rendered":"\t\t<div data-elementor-type=\"wp-page\" data-elementor-id=\"1028\" class=\"elementor elementor-1028\" data-elementor-post-type=\"page\">\n\t\t\t\t\t\t<section class=\"elementor-section elementor-top-section elementor-element elementor-element-6dff1170 elementor-section-full_width elementor-section-height-default elementor-section-height-default\" data-id=\"6dff1170\" data-element_type=\"section\" data-e-type=\"section\" data-settings=\"{&quot;jet_parallax_layout_list&quot;:[{&quot;jet_parallax_layout_image&quot;:{&quot;url&quot;:&quot;&quot;,&quot;id&quot;:&quot;&quot;,&quot;size&quot;:&quot;&quot;},&quot;_id&quot;:&quot;53cfc90&quot;,&quot;jet_parallax_layout_image_tablet&quot;:{&quot;url&quot;:&quot;&quot;,&quot;id&quot;:&quot;&quot;,&quot;size&quot;:&quot;&quot;},&quot;jet_parallax_layout_image_mobile&quot;:{&quot;url&quot;:&quot;&quot;,&quot;id&quot;:&quot;&quot;,&quot;size&quot;:&quot;&quot;},&quot;jet_parallax_layout_speed&quot;:{&quot;unit&quot;:&quot;%&quot;,&quot;size&quot;:50,&quot;sizes&quot;:[]},&quot;jet_parallax_layout_type&quot;:&quot;scroll&quot;,&quot;jet_parallax_layout_direction&quot;:&quot;1&quot;,&quot;jet_parallax_layout_fx_direction&quot;:null,&quot;jet_parallax_layout_z_index&quot;:&quot;&quot;,&quot;jet_parallax_layout_bg_x&quot;:50,&quot;jet_parallax_layout_bg_x_tablet&quot;:&quot;&quot;,&quot;jet_parallax_layout_bg_x_mobile&quot;:&quot;&quot;,&quot;jet_parallax_layout_bg_y&quot;:50,&quot;jet_parallax_layout_bg_y_tablet&quot;:&quot;&quot;,&quot;jet_parallax_layout_bg_y_mobile&quot;:&quot;&quot;,&quot;jet_parallax_layout_bg_size&quot;:&quot;auto&quot;,&quot;jet_parallax_layout_bg_size_tablet&quot;:&quot;&quot;,&quot;jet_parallax_layout_bg_size_mobile&quot;:&quot;&quot;,&quot;jet_parallax_layout_animation_prop&quot;:&quot;transform&quot;,&quot;jet_parallax_layout_on&quot;:[&quot;desktop&quot;,&quot;tablet&quot;]}]}\">\n\t\t\t\t\t\t<div class=\"elementor-container elementor-column-gap-default\">\n\t\t\t\t\t<div class=\"elementor-column elementor-col-100 elementor-top-column elementor-element elementor-element-5a1b54d7\" data-id=\"5a1b54d7\" data-element_type=\"column\" data-e-type=\"column\">\n\t\t\t<div class=\"elementor-widget-wrap elementor-element-populated\">\n\t\t\t\t\t\t<div class=\"elementor-element elementor-element-6f8c397 img-header elementor-widget elementor-widget-image\" data-id=\"6f8c397\" data-element_type=\"widget\" data-e-type=\"widget\" data-widget_type=\"image.default\">\n\t\t\t\t<div class=\"elementor-widget-container\">\n\t\t\t\t\t\t\t\t\t\t\t\t\t\t\t<img fetchpriority=\"high\" decoding=\"async\" width=\"1740\" height=\"820\" src=\"https:\/\/www.masserianarducci.it\/wp-content\/uploads\/2021\/07\/Masseria-Narducci-esperienze-puglia-header-ostuni.jpg\" class=\"attachment-full size-full wp-image-1238\" alt=\"Ostuni\" srcset=\"https:\/\/www.masserianarducci.it\/wp-content\/uploads\/2021\/07\/Masseria-Narducci-esperienze-puglia-header-ostuni.jpg 1740w, https:\/\/www.masserianarducci.it\/wp-content\/uploads\/2021\/07\/Masseria-Narducci-esperienze-puglia-header-ostuni-300x141.jpg 300w, https:\/\/www.masserianarducci.it\/wp-content\/uploads\/2021\/07\/Masseria-Narducci-esperienze-puglia-header-ostuni-1024x483.jpg 1024w, https:\/\/www.masserianarducci.it\/wp-content\/uploads\/2021\/07\/Masseria-Narducci-esperienze-puglia-header-ostuni-768x362.jpg 768w, https:\/\/www.masserianarducci.it\/wp-content\/uploads\/2021\/07\/Masseria-Narducci-esperienze-puglia-header-ostuni-1536x724.jpg 1536w, https:\/\/www.masserianarducci.it\/wp-content\/uploads\/2021\/07\/Masseria-Narducci-esperienze-puglia-header-ostuni-600x283.jpg 600w\" sizes=\"(max-width: 1740px) 100vw, 1740px\" \/>\t\t\t\t\t\t\t\t\t\t\t\t\t\t\t<\/div>\n\t\t\t\t<\/div>\n\t\t\t\t\t<\/div>\n\t\t<\/div>\n\t\t\t\t\t<\/div>\n\t\t<\/section>\n\t\t\t\t<section class=\"elementor-section elementor-top-section elementor-element elementor-element-e07554b elementor-section-boxed elementor-section-height-default elementor-section-height-default\" data-id=\"e07554b\" data-element_type=\"section\" data-e-type=\"section\" data-settings=\"{&quot;jet_parallax_layout_list&quot;:[{&quot;jet_parallax_layout_image&quot;:{&quot;url&quot;:&quot;&quot;,&quot;id&quot;:&quot;&quot;,&quot;size&quot;:&quot;&quot;},&quot;_id&quot;:&quot;34c8a45&quot;,&quot;jet_parallax_layout_image_tablet&quot;:{&quot;url&quot;:&quot;&quot;,&quot;id&quot;:&quot;&quot;,&quot;size&quot;:&quot;&quot;},&quot;jet_parallax_layout_image_mobile&quot;:{&quot;url&quot;:&quot;&quot;,&quot;id&quot;:&quot;&quot;,&quot;size&quot;:&quot;&quot;},&quot;jet_parallax_layout_speed&quot;:{&quot;unit&quot;:&quot;%&quot;,&quot;size&quot;:50,&quot;sizes&quot;:[]},&quot;jet_parallax_layout_type&quot;:&quot;scroll&quot;,&quot;jet_parallax_layout_direction&quot;:&quot;1&quot;,&quot;jet_parallax_layout_fx_direction&quot;:null,&quot;jet_parallax_layout_z_index&quot;:&quot;&quot;,&quot;jet_parallax_layout_bg_x&quot;:50,&quot;jet_parallax_layout_bg_x_tablet&quot;:&quot;&quot;,&quot;jet_parallax_layout_bg_x_mobile&quot;:&quot;&quot;,&quot;jet_parallax_layout_bg_y&quot;:50,&quot;jet_parallax_layout_bg_y_tablet&quot;:&quot;&quot;,&quot;jet_parallax_layout_bg_y_mobile&quot;:&quot;&quot;,&quot;jet_parallax_layout_bg_size&quot;:&quot;auto&quot;,&quot;jet_parallax_layout_bg_size_tablet&quot;:&quot;&quot;,&quot;jet_parallax_layout_bg_size_mobile&quot;:&quot;&quot;,&quot;jet_parallax_layout_animation_prop&quot;:&quot;transform&quot;,&quot;jet_parallax_layout_on&quot;:[&quot;desktop&quot;,&quot;tablet&quot;]}]}\">\n\t\t\t\t\t\t<div class=\"elementor-container elementor-column-gap-default\">\n\t\t\t\t\t<div class=\"elementor-column elementor-col-100 elementor-top-column elementor-element elementor-element-103c6cf\" data-id=\"103c6cf\" data-element_type=\"column\" data-e-type=\"column\">\n\t\t\t<div class=\"elementor-widget-wrap elementor-element-populated\">\n\t\t\t\t\t\t<div class=\"elementor-element elementor-element-575dd58 elementor-widget elementor-widget-text-editor\" data-id=\"575dd58\" data-element_type=\"widget\" data-e-type=\"widget\" data-widget_type=\"text-editor.default\">\n\t\t\t\t<div class=\"elementor-widget-container\">\n\t\t\t\t\t\t\t\t\t<img decoding=\"async\" class=\"alignnone size-full wp-image-100\" src=\"https:\/\/masserianarducci.it\/wp-content\/uploads\/2021\/07\/Esperienze.svg\" alt=\"\" width=\"25\" height=\"36\" \/><span style=\"color: #d0a539;\"><strong>ESPERIENZE<\/strong><\/span>\t\t\t\t\t\t\t\t<\/div>\n\t\t\t\t<\/div>\n\t\t\t\t<div class=\"elementor-element elementor-element-35d8117 elementor-widget elementor-widget-heading\" data-id=\"35d8117\" data-element_type=\"widget\" data-e-type=\"widget\" data-widget_type=\"heading.default\">\n\t\t\t\t<div class=\"elementor-widget-container\">\n\t\t\t\t\t<h1 class=\"elementor-heading-title elementor-size-default\">Ostuni<\/h1>\t\t\t\t<\/div>\n\t\t\t\t<\/div>\n\t\t\t\t\t<\/div>\n\t\t<\/div>\n\t\t\t\t\t<\/div>\n\t\t<\/section>\n\t\t\t\t<section class=\"elementor-section elementor-top-section elementor-element elementor-element-8937163 elementor-section-boxed elementor-section-height-default elementor-section-height-default\" data-id=\"8937163\" data-element_type=\"section\" data-e-type=\"section\" data-settings=\"{&quot;jet_parallax_layout_list&quot;:[{&quot;jet_parallax_layout_image&quot;:{&quot;url&quot;:&quot;&quot;,&quot;id&quot;:&quot;&quot;,&quot;size&quot;:&quot;&quot;},&quot;_id&quot;:&quot;dae771a&quot;,&quot;jet_parallax_layout_image_tablet&quot;:{&quot;url&quot;:&quot;&quot;,&quot;id&quot;:&quot;&quot;,&quot;size&quot;:&quot;&quot;},&quot;jet_parallax_layout_image_mobile&quot;:{&quot;url&quot;:&quot;&quot;,&quot;id&quot;:&quot;&quot;,&quot;size&quot;:&quot;&quot;},&quot;jet_parallax_layout_speed&quot;:{&quot;unit&quot;:&quot;%&quot;,&quot;size&quot;:50,&quot;sizes&quot;:[]},&quot;jet_parallax_layout_type&quot;:&quot;scroll&quot;,&quot;jet_parallax_layout_direction&quot;:&quot;1&quot;,&quot;jet_parallax_layout_fx_direction&quot;:null,&quot;jet_parallax_layout_z_index&quot;:&quot;&quot;,&quot;jet_parallax_layout_bg_x&quot;:50,&quot;jet_parallax_layout_bg_x_tablet&quot;:&quot;&quot;,&quot;jet_parallax_layout_bg_x_mobile&quot;:&quot;&quot;,&quot;jet_parallax_layout_bg_y&quot;:50,&quot;jet_parallax_layout_bg_y_tablet&quot;:&quot;&quot;,&quot;jet_parallax_layout_bg_y_mobile&quot;:&quot;&quot;,&quot;jet_parallax_layout_bg_size&quot;:&quot;auto&quot;,&quot;jet_parallax_layout_bg_size_tablet&quot;:&quot;&quot;,&quot;jet_parallax_layout_bg_size_mobile&quot;:&quot;&quot;,&quot;jet_parallax_layout_animation_prop&quot;:&quot;transform&quot;,&quot;jet_parallax_layout_on&quot;:[&quot;desktop&quot;,&quot;tablet&quot;]}]}\">\n\t\t\t\t\t\t<div class=\"elementor-container elementor-column-gap-default\">\n\t\t\t\t\t<div class=\"elementor-column elementor-col-50 elementor-top-column elementor-element elementor-element-af5febf elementor-hidden-phone\" data-id=\"af5febf\" data-element_type=\"column\" data-e-type=\"column\">\n\t\t\t<div class=\"elementor-widget-wrap\">\n\t\t\t\t\t\t\t<\/div>\n\t\t<\/div>\n\t\t\t\t<div class=\"elementor-column elementor-col-50 elementor-top-column elementor-element elementor-element-e4f6fd7\" data-id=\"e4f6fd7\" data-element_type=\"column\" data-e-type=\"column\">\n\t\t\t<div class=\"elementor-widget-wrap elementor-element-populated\">\n\t\t\t\t\t\t<div class=\"elementor-element elementor-element-59353cf elementor-widget elementor-widget-text-editor\" data-id=\"59353cf\" data-element_type=\"widget\" data-e-type=\"widget\" data-widget_type=\"text-editor.default\">\n\t\t\t\t<div class=\"elementor-widget-container\">\n\t\t\t\t\t\t\t\t\t<p>La \u201ccitt\u00e0 bianca\u201d di Puglia sorge su tre colli, a circa 218 metri s.l.m ed \u00e8 circondata da uliveti, vigneti e numerose masserie fortificate e di antica manifattura.<\/p><p>\u00c8 cos\u00ec denominata per via del suo caratteristico centro storico dipinto interamente con calce bianca: rappresenta una tappa imprescindibile da visitare quando si approda nel territorio pugliese. Domina la campagna e i vasti altipiani di ulivi, passeggiare per tutte le stradine del centro storico \u00e8 piacevolissimo.<\/p><p>Gli edifici principali sono la Cattedrale e il Palazzo Episcopale. Da visitare anche il museo Civilt\u00e0 Preclassiche della Murgia Meridionale. Si trova nel centro storico e possiede il calco della \u201cDonna di Ostuni\u201d, gestante con feto risalente a circa 27.000 anni fa.<\/p><p>Ostuni \u00e8 conosciuta anche per la vicina costa balneare. Lunga circa 20 km \u00e8 caratterizzata da una serie di spiagge lunghe e piccole insenature: localit\u00e0 paradisiache da vivere di giorno e di notte.<\/p><p>Le spiagge di Ostuni sono tra le pi\u00f9 apprezzate e visitate. Venti chilometri di litorale e vegetazione incontaminata dove \u00e8 possibile godere di un mare cristallino e passeggiare nel parco delle Dune Costiere caratterizzato dalla presenza di una folta macchia mediterranea. Meritano particolare attenzione Torre Pozzella, una delle spiagge pi\u00f9 belle e che incanta grazie alle scogliere, la natura selvaggia e le formazioni rocciose alte 6 metri, e Costa Merlata con le sue pittoresche calette.<\/p>\t\t\t\t\t\t\t\t<\/div>\n\t\t\t\t<\/div>\n\t\t\t\t\t<\/div>\n\t\t<\/div>\n\t\t\t\t\t<\/div>\n\t\t<\/section>\n\t\t\t\t<section class=\"elementor-section elementor-top-section elementor-element elementor-element-b7fad85 elementor-section-boxed elementor-section-height-default elementor-section-height-default\" data-id=\"b7fad85\" data-element_type=\"section\" data-e-type=\"section\" data-settings=\"{&quot;jet_parallax_layout_list&quot;:[{&quot;jet_parallax_layout_image&quot;:{&quot;url&quot;:&quot;&quot;,&quot;id&quot;:&quot;&quot;,&quot;size&quot;:&quot;&quot;},&quot;_id&quot;:&quot;dae771a&quot;,&quot;jet_parallax_layout_image_tablet&quot;:{&quot;url&quot;:&quot;&quot;,&quot;id&quot;:&quot;&quot;,&quot;size&quot;:&quot;&quot;},&quot;jet_parallax_layout_image_mobile&quot;:{&quot;url&quot;:&quot;&quot;,&quot;id&quot;:&quot;&quot;,&quot;size&quot;:&quot;&quot;},&quot;jet_parallax_layout_speed&quot;:{&quot;unit&quot;:&quot;%&quot;,&quot;size&quot;:50,&quot;sizes&quot;:[]},&quot;jet_parallax_layout_type&quot;:&quot;scroll&quot;,&quot;jet_parallax_layout_direction&quot;:&quot;1&quot;,&quot;jet_parallax_layout_fx_direction&quot;:null,&quot;jet_parallax_layout_z_index&quot;:&quot;&quot;,&quot;jet_parallax_layout_bg_x&quot;:50,&quot;jet_parallax_layout_bg_x_tablet&quot;:&quot;&quot;,&quot;jet_parallax_layout_bg_x_mobile&quot;:&quot;&quot;,&quot;jet_parallax_layout_bg_y&quot;:50,&quot;jet_parallax_layout_bg_y_tablet&quot;:&quot;&quot;,&quot;jet_parallax_layout_bg_y_mobile&quot;:&quot;&quot;,&quot;jet_parallax_layout_bg_size&quot;:&quot;auto&quot;,&quot;jet_parallax_layout_bg_size_tablet&quot;:&quot;&quot;,&quot;jet_parallax_layout_bg_size_mobile&quot;:&quot;&quot;,&quot;jet_parallax_layout_animation_prop&quot;:&quot;transform&quot;,&quot;jet_parallax_layout_on&quot;:[&quot;desktop&quot;,&quot;tablet&quot;]}]}\">\n\t\t\t\t\t\t<div class=\"elementor-container elementor-column-gap-default\">\n\t\t\t\t\t<div class=\"elementor-column elementor-col-50 elementor-top-column elementor-element elementor-element-b6c6cc9\" data-id=\"b6c6cc9\" data-element_type=\"column\" data-e-type=\"column\">\n\t\t\t<div class=\"elementor-widget-wrap elementor-element-populated\">\n\t\t\t\t\t\t<div class=\"elementor-element elementor-element-dbaf605 elementor-widget elementor-widget-jet-button\" data-id=\"dbaf605\" data-element_type=\"widget\" data-e-type=\"widget\" data-widget_type=\"jet-button.default\">\n\t\t\t\t<div class=\"elementor-widget-container\">\n\t\t\t\t\t<div class=\"elementor-jet-button jet-elements\"><div class=\"jet-button__container\">\n\t<a class=\"jet-button__instance jet-button__instance--icon-left hover-effect-0\" href=\"https:\/\/masserianarducci.it\/esperienze\/castellana-grotte\/\">\n\t\t<div class=\"jet-button__plane jet-button__plane-normal\"><\/div>\n\t\t<div class=\"jet-button__plane jet-button__plane-hover\"><\/div>\n\t\t<div class=\"jet-button__state jet-button__state-normal\">\n\t\t\t<span class=\"jet-button__icon jet-elements-icon\"><i aria-hidden=\"true\" class=\"fas fa-long-arrow-alt-left\"><\/i><\/span><span class=\"jet-button__label\">localit\u00e0 precedente<\/span>\t\t<\/div>\n\t\t<div class=\"jet-button__state jet-button__state-hover\">\n\t\t\t<span class=\"jet-button__icon jet-elements-icon\"><i aria-hidden=\"true\" class=\"fas fa-long-arrow-alt-left\"><\/i><\/span><span class=\"jet-button__label\">localit\u00e0 precedente<\/span>\t\t<\/div>\n\t<\/a>\n<\/div>\n<\/div>\t\t\t\t<\/div>\n\t\t\t\t<\/div>\n\t\t\t\t\t<\/div>\n\t\t<\/div>\n\t\t\t\t<div class=\"elementor-column elementor-col-50 elementor-top-column elementor-element elementor-element-d9eeafb\" data-id=\"d9eeafb\" data-element_type=\"column\" data-e-type=\"column\">\n\t\t\t<div class=\"elementor-widget-wrap elementor-element-populated\">\n\t\t\t\t\t\t<div class=\"elementor-element elementor-element-344e03e elementor-widget elementor-widget-jet-button\" data-id=\"344e03e\" data-element_type=\"widget\" data-e-type=\"widget\" data-widget_type=\"jet-button.default\">\n\t\t\t\t<div class=\"elementor-widget-container\">\n\t\t\t\t\t<div class=\"elementor-jet-button jet-elements\"><div class=\"jet-button__container\">\n\t<a class=\"jet-button__instance jet-button__instance--icon-right hover-effect-0\" href=\"https:\/\/masserianarducci.it\/esperienze\/martina-franca\/\">\n\t\t<div class=\"jet-button__plane jet-button__plane-normal\"><\/div>\n\t\t<div class=\"jet-button__plane jet-button__plane-hover\"><\/div>\n\t\t<div class=\"jet-button__state jet-button__state-normal\">\n\t\t\t<span class=\"jet-button__icon jet-elements-icon\"><i aria-hidden=\"true\" class=\"fas fa-long-arrow-alt-right\"><\/i><\/span><span class=\"jet-button__label\">localit\u00e0 successiva<\/span>\t\t<\/div>\n\t\t<div class=\"jet-button__state jet-button__state-hover\">\n\t\t\t<span class=\"jet-button__icon jet-elements-icon\"><i aria-hidden=\"true\" class=\"fas fa-long-arrow-alt-right\"><\/i><\/span><span class=\"jet-button__label\">localit\u00e0 successiva<\/span>\t\t<\/div>\n\t<\/a>\n<\/div>\n<\/div>\t\t\t\t<\/div>\n\t\t\t\t<\/div>\n\t\t\t\t\t<\/div>\n\t\t<\/div>\n\t\t\t\t\t<\/div>\n\t\t<\/section>\n\t\t\t\t<\/div>\n\t\t","protected":false},"excerpt":{"rendered":"<p>ESPERIENZE Ostuni La \u201ccitt\u00e0 bianca\u201d di Puglia sorge su tre colli, a circa 218 metri s.l.m ed \u00e8 circondata da uliveti, vigneti e numerose masserie fortificate e di antica manifattura. \u00c8 cos\u00ec denominata per via del suo caratteristico centro storico dipinto interamente con calce bianca: rappresenta una tappa imprescindibile da visitare quando si approda nel [&hellip;]<\/p>\n","protected":false},"author":1,"featured_media":0,"parent":1010,"menu_order":0,"comment_status":"closed","ping_status":"closed","template":"full-width.php","meta":{"footnotes":""},"class_list":["post-1028","page","type-page","status-publish","hentry"],"acf":[],"yoast_head":"<!-- This site is optimized with the Yoast SEO plugin v27.2 - https:\/\/yoast.com\/product\/yoast-seo-wordpress\/ -->\n<title>Ostuni- Masseria Narducci<\/title>\n<meta name=\"description\" content=\"ESPERIENZE Ostuni La \u201ccitt\u00e0 bianca\u201d di Puglia sorge su tre colli, a circa 218 metri s.l.m ed \u00e8 circondata da uliveti, vigneti e numerose masserie\" \/>\n<meta name=\"robots\" content=\"index, follow, max-snippet:-1, max-image-preview:large, max-video-preview:-1\" \/>\n<link rel=\"canonical\" href=\"https:\/\/www.masserianarducci.it\/it\/esperienze\/ostuni\/\" \/>\n<meta property=\"og:locale\" content=\"it_IT\" \/>\n<meta property=\"og:type\" content=\"article\" \/>\n<meta property=\"og:title\" content=\"Ostuni- Masseria Narducci\" \/>\n<meta property=\"og:description\" content=\"ESPERIENZE Ostuni La \u201ccitt\u00e0 bianca\u201d di Puglia sorge su tre colli, a circa 218 metri s.l.m ed \u00e8 circondata da uliveti, vigneti e numerose masserie\" \/>\n<meta property=\"og:url\" content=\"https:\/\/www.masserianarducci.it\/it\/esperienze\/ostuni\/\" \/>\n<meta property=\"og:site_name\" content=\"Masseria Narducci\" \/>\n<meta property=\"article:modified_time\" content=\"2022-01-20T18:02:21+00:00\" \/>\n<meta property=\"og:image\" content=\"https:\/\/masserianarducci.it\/wp-content\/uploads\/2021\/07\/Masseria-Narducci-esperienze-puglia-header-ostuni.jpg\" \/>\n<meta name=\"twitter:card\" content=\"summary_large_image\" \/>\n<meta name=\"twitter:label1\" content=\"Tempo di lettura stimato\" \/>\n\t<meta name=\"twitter:data1\" content=\"1 minuto\" \/>\n<script type=\"application\/ld+json\" class=\"yoast-schema-graph\">{\"@context\":\"https:\/\/schema.org\",\"@graph\":[{\"@type\":\"WebPage\",\"@id\":\"https:\/\/www.masserianarducci.it\/it\/esperienze\/ostuni\/\",\"url\":\"https:\/\/www.masserianarducci.it\/it\/esperienze\/ostuni\/\",\"name\":\"Ostuni- Masseria Narducci\",\"isPartOf\":{\"@id\":\"https:\/\/www.masserianarducci.it\/it\/#website\"},\"primaryImageOfPage\":{\"@id\":\"https:\/\/www.masserianarducci.it\/it\/esperienze\/ostuni\/#primaryimage\"},\"image\":{\"@id\":\"https:\/\/www.masserianarducci.it\/it\/esperienze\/ostuni\/#primaryimage\"},\"thumbnailUrl\":\"https:\/\/masserianarducci.it\/wp-content\/uploads\/2021\/07\/Masseria-Narducci-esperienze-puglia-header-ostuni.jpg\",\"datePublished\":\"2021-07-22T10:21:37+00:00\",\"dateModified\":\"2022-01-20T18:02:21+00:00\",\"description\":\"ESPERIENZE Ostuni La \u201ccitt\u00e0 bianca\u201d di Puglia sorge su tre colli, a circa 218 metri s.l.m ed \u00e8 circondata da uliveti, vigneti e numerose masserie\",\"breadcrumb\":{\"@id\":\"https:\/\/www.masserianarducci.it\/it\/esperienze\/ostuni\/#breadcrumb\"},\"inLanguage\":\"it-IT\",\"potentialAction\":[{\"@type\":\"ReadAction\",\"target\":[\"https:\/\/www.masserianarducci.it\/it\/esperienze\/ostuni\/\"]}]},{\"@type\":\"ImageObject\",\"inLanguage\":\"it-IT\",\"@id\":\"https:\/\/www.masserianarducci.it\/it\/esperienze\/ostuni\/#primaryimage\",\"url\":\"https:\/\/masserianarducci.it\/wp-content\/uploads\/2021\/07\/Masseria-Narducci-esperienze-puglia-header-ostuni.jpg\",\"contentUrl\":\"https:\/\/masserianarducci.it\/wp-content\/uploads\/2021\/07\/Masseria-Narducci-esperienze-puglia-header-ostuni.jpg\"},{\"@type\":\"BreadcrumbList\",\"@id\":\"https:\/\/www.masserianarducci.it\/it\/esperienze\/ostuni\/#breadcrumb\",\"itemListElement\":[{\"@type\":\"ListItem\",\"position\":1,\"name\":\"Home\",\"item\":\"https:\/\/www.masserianarducci.it\/it\/\"},{\"@type\":\"ListItem\",\"position\":2,\"name\":\"Dintorni\",\"item\":\"https:\/\/www.masserianarducci.it\/it\/esperienze\/\"},{\"@type\":\"ListItem\",\"position\":3,\"name\":\"Ostuni\"}]},{\"@type\":\"WebSite\",\"@id\":\"https:\/\/www.masserianarducci.it\/it\/#website\",\"url\":\"https:\/\/www.masserianarducci.it\/it\/\",\"name\":\"Masseria Narducci\",\"description\":\"\",\"potentialAction\":[{\"@type\":\"SearchAction\",\"target\":{\"@type\":\"EntryPoint\",\"urlTemplate\":\"https:\/\/www.masserianarducci.it\/it\/?s={search_term_string}\"},\"query-input\":{\"@type\":\"PropertyValueSpecification\",\"valueRequired\":true,\"valueName\":\"search_term_string\"}}],\"inLanguage\":\"it-IT\"}]}<\/script>\n<!-- \/ Yoast SEO plugin. -->","yoast_head_json":{"title":"Ostuni- Masseria Narducci","description":"ESPERIENZE Ostuni La \u201ccitt\u00e0 bianca\u201d di Puglia sorge su tre colli, a circa 218 metri s.l.m ed \u00e8 circondata da uliveti, vigneti e numerose masserie","robots":{"index":"index","follow":"follow","max-snippet":"max-snippet:-1","max-image-preview":"max-image-preview:large","max-video-preview":"max-video-preview:-1"},"canonical":"https:\/\/www.masserianarducci.it\/it\/esperienze\/ostuni\/","og_locale":"it_IT","og_type":"article","og_title":"Ostuni- Masseria Narducci","og_description":"ESPERIENZE Ostuni La \u201ccitt\u00e0 bianca\u201d di Puglia sorge su tre colli, a circa 218 metri s.l.m ed \u00e8 circondata da uliveti, vigneti e numerose masserie","og_url":"https:\/\/www.masserianarducci.it\/it\/esperienze\/ostuni\/","og_site_name":"Masseria Narducci","article_modified_time":"2022-01-20T18:02:21+00:00","og_image":[{"url":"https:\/\/masserianarducci.it\/wp-content\/uploads\/2021\/07\/Masseria-Narducci-esperienze-puglia-header-ostuni.jpg","type":"","width":"","height":""}],"twitter_card":"summary_large_image","twitter_misc":{"Tempo di lettura stimato":"1 minuto"},"schema":{"@context":"https:\/\/schema.org","@graph":[{"@type":"WebPage","@id":"https:\/\/www.masserianarducci.it\/it\/esperienze\/ostuni\/","url":"https:\/\/www.masserianarducci.it\/it\/esperienze\/ostuni\/","name":"Ostuni- Masseria Narducci","isPartOf":{"@id":"https:\/\/www.masserianarducci.it\/it\/#website"},"primaryImageOfPage":{"@id":"https:\/\/www.masserianarducci.it\/it\/esperienze\/ostuni\/#primaryimage"},"image":{"@id":"https:\/\/www.masserianarducci.it\/it\/esperienze\/ostuni\/#primaryimage"},"thumbnailUrl":"https:\/\/masserianarducci.it\/wp-content\/uploads\/2021\/07\/Masseria-Narducci-esperienze-puglia-header-ostuni.jpg","datePublished":"2021-07-22T10:21:37+00:00","dateModified":"2022-01-20T18:02:21+00:00","description":"ESPERIENZE Ostuni La \u201ccitt\u00e0 bianca\u201d di Puglia sorge su tre colli, a circa 218 metri s.l.m ed \u00e8 circondata da uliveti, vigneti e numerose masserie","breadcrumb":{"@id":"https:\/\/www.masserianarducci.it\/it\/esperienze\/ostuni\/#breadcrumb"},"inLanguage":"it-IT","potentialAction":[{"@type":"ReadAction","target":["https:\/\/www.masserianarducci.it\/it\/esperienze\/ostuni\/"]}]},{"@type":"ImageObject","inLanguage":"it-IT","@id":"https:\/\/www.masserianarducci.it\/it\/esperienze\/ostuni\/#primaryimage","url":"https:\/\/masserianarducci.it\/wp-content\/uploads\/2021\/07\/Masseria-Narducci-esperienze-puglia-header-ostuni.jpg","contentUrl":"https:\/\/masserianarducci.it\/wp-content\/uploads\/2021\/07\/Masseria-Narducci-esperienze-puglia-header-ostuni.jpg"},{"@type":"BreadcrumbList","@id":"https:\/\/www.masserianarducci.it\/it\/esperienze\/ostuni\/#breadcrumb","itemListElement":[{"@type":"ListItem","position":1,"name":"Home","item":"https:\/\/www.masserianarducci.it\/it\/"},{"@type":"ListItem","position":2,"name":"Dintorni","item":"https:\/\/www.masserianarducci.it\/it\/esperienze\/"},{"@type":"ListItem","position":3,"name":"Ostuni"}]},{"@type":"WebSite","@id":"https:\/\/www.masserianarducci.it\/it\/#website","url":"https:\/\/www.masserianarducci.it\/it\/","name":"Masseria Narducci","description":"","potentialAction":[{"@type":"SearchAction","target":{"@type":"EntryPoint","urlTemplate":"https:\/\/www.masserianarducci.it\/it\/?s={search_term_string}"},"query-input":{"@type":"PropertyValueSpecification","valueRequired":true,"valueName":"search_term_string"}}],"inLanguage":"it-IT"}]}},"_links":{"self":[{"href":"https:\/\/www.masserianarducci.it\/it\/wp-json\/wp\/v2\/pages\/1028","targetHints":{"allow":["GET"]}}],"collection":[{"href":"https:\/\/www.masserianarducci.it\/it\/wp-json\/wp\/v2\/pages"}],"about":[{"href":"https:\/\/www.masserianarducci.it\/it\/wp-json\/wp\/v2\/types\/page"}],"author":[{"embeddable":true,"href":"https:\/\/www.masserianarducci.it\/it\/wp-json\/wp\/v2\/users\/1"}],"replies":[{"embeddable":true,"href":"https:\/\/www.masserianarducci.it\/it\/wp-json\/wp\/v2\/comments?post=1028"}],"version-history":[{"count":38,"href":"https:\/\/www.masserianarducci.it\/it\/wp-json\/wp\/v2\/pages\/1028\/revisions"}],"predecessor-version":[{"id":4446,"href":"https:\/\/www.masserianarducci.it\/it\/wp-json\/wp\/v2\/pages\/1028\/revisions\/4446"}],"up":[{"embeddable":true,"href":"https:\/\/www.masserianarducci.it\/it\/wp-json\/wp\/v2\/pages\/1010"}],"wp:attachment":[{"href":"https:\/\/www.masserianarducci.it\/it\/wp-json\/wp\/v2\/media?parent=1028"}],"curies":[{"name":"wp","href":"https:\/\/api.w.org\/{rel}","templated":true}]}}