{"id":1053,"date":"2021-07-22T12:40:36","date_gmt":"2021-07-22T10:40:36","guid":{"rendered":"https:\/\/narducci.apuliasmart.it\/?page_id=1053"},"modified":"2022-01-20T19:00:54","modified_gmt":"2022-01-20T18:00:54","slug":"monopoli","status":"publish","type":"page","link":"https:\/\/www.masserianarducci.it\/it\/esperienze\/monopoli\/","title":{"rendered":"Monopoli"},"content":{"rendered":"\t\t<div data-elementor-type=\"wp-page\" data-elementor-id=\"1053\" class=\"elementor elementor-1053\" data-elementor-post-type=\"page\">\n\t\t\t\t\t\t<section class=\"elementor-section elementor-top-section elementor-element elementor-element-6dff1170 elementor-section-full_width elementor-section-height-default elementor-section-height-default\" data-id=\"6dff1170\" data-element_type=\"section\" data-e-type=\"section\" data-settings=\"{&quot;jet_parallax_layout_list&quot;:[{&quot;jet_parallax_layout_image&quot;:{&quot;url&quot;:&quot;&quot;,&quot;id&quot;:&quot;&quot;,&quot;size&quot;:&quot;&quot;},&quot;_id&quot;:&quot;53cfc90&quot;,&quot;jet_parallax_layout_image_tablet&quot;:{&quot;url&quot;:&quot;&quot;,&quot;id&quot;:&quot;&quot;,&quot;size&quot;:&quot;&quot;},&quot;jet_parallax_layout_image_mobile&quot;:{&quot;url&quot;:&quot;&quot;,&quot;id&quot;:&quot;&quot;,&quot;size&quot;:&quot;&quot;},&quot;jet_parallax_layout_speed&quot;:{&quot;unit&quot;:&quot;%&quot;,&quot;size&quot;:50,&quot;sizes&quot;:[]},&quot;jet_parallax_layout_type&quot;:&quot;scroll&quot;,&quot;jet_parallax_layout_direction&quot;:&quot;1&quot;,&quot;jet_parallax_layout_fx_direction&quot;:null,&quot;jet_parallax_layout_z_index&quot;:&quot;&quot;,&quot;jet_parallax_layout_bg_x&quot;:50,&quot;jet_parallax_layout_bg_x_tablet&quot;:&quot;&quot;,&quot;jet_parallax_layout_bg_x_mobile&quot;:&quot;&quot;,&quot;jet_parallax_layout_bg_y&quot;:50,&quot;jet_parallax_layout_bg_y_tablet&quot;:&quot;&quot;,&quot;jet_parallax_layout_bg_y_mobile&quot;:&quot;&quot;,&quot;jet_parallax_layout_bg_size&quot;:&quot;auto&quot;,&quot;jet_parallax_layout_bg_size_tablet&quot;:&quot;&quot;,&quot;jet_parallax_layout_bg_size_mobile&quot;:&quot;&quot;,&quot;jet_parallax_layout_animation_prop&quot;:&quot;transform&quot;,&quot;jet_parallax_layout_on&quot;:[&quot;desktop&quot;,&quot;tablet&quot;]}]}\">\n\t\t\t\t\t\t<div class=\"elementor-container elementor-column-gap-default\">\n\t\t\t\t\t<div class=\"elementor-column elementor-col-100 elementor-top-column elementor-element elementor-element-5a1b54d7\" data-id=\"5a1b54d7\" data-element_type=\"column\" data-e-type=\"column\">\n\t\t\t<div class=\"elementor-widget-wrap elementor-element-populated\">\n\t\t\t\t\t\t<div class=\"elementor-element elementor-element-5fcd918 img-header elementor-widget elementor-widget-image\" data-id=\"5fcd918\" data-element_type=\"widget\" data-e-type=\"widget\" data-widget_type=\"image.default\">\n\t\t\t\t<div class=\"elementor-widget-container\">\n\t\t\t\t\t\t\t\t\t\t\t\t\t\t\t<img fetchpriority=\"high\" decoding=\"async\" width=\"1740\" height=\"820\" src=\"https:\/\/www.masserianarducci.it\/wp-content\/uploads\/2021\/07\/Masseria-Narducci-esperienze-puglia-header-monopoli.jpg\" class=\"attachment-full size-full wp-image-1248\" alt=\"Monopoli\" srcset=\"https:\/\/www.masserianarducci.it\/wp-content\/uploads\/2021\/07\/Masseria-Narducci-esperienze-puglia-header-monopoli.jpg 1740w, https:\/\/www.masserianarducci.it\/wp-content\/uploads\/2021\/07\/Masseria-Narducci-esperienze-puglia-header-monopoli-300x141.jpg 300w, https:\/\/www.masserianarducci.it\/wp-content\/uploads\/2021\/07\/Masseria-Narducci-esperienze-puglia-header-monopoli-1024x483.jpg 1024w, https:\/\/www.masserianarducci.it\/wp-content\/uploads\/2021\/07\/Masseria-Narducci-esperienze-puglia-header-monopoli-768x362.jpg 768w, https:\/\/www.masserianarducci.it\/wp-content\/uploads\/2021\/07\/Masseria-Narducci-esperienze-puglia-header-monopoli-1536x724.jpg 1536w, https:\/\/www.masserianarducci.it\/wp-content\/uploads\/2021\/07\/Masseria-Narducci-esperienze-puglia-header-monopoli-600x283.jpg 600w\" sizes=\"(max-width: 1740px) 100vw, 1740px\" \/>\t\t\t\t\t\t\t\t\t\t\t\t\t\t\t<\/div>\n\t\t\t\t<\/div>\n\t\t\t\t\t<\/div>\n\t\t<\/div>\n\t\t\t\t\t<\/div>\n\t\t<\/section>\n\t\t\t\t<section class=\"elementor-section elementor-top-section elementor-element elementor-element-e07554b elementor-section-boxed elementor-section-height-default elementor-section-height-default\" data-id=\"e07554b\" data-element_type=\"section\" data-e-type=\"section\" data-settings=\"{&quot;jet_parallax_layout_list&quot;:[{&quot;jet_parallax_layout_image&quot;:{&quot;url&quot;:&quot;&quot;,&quot;id&quot;:&quot;&quot;,&quot;size&quot;:&quot;&quot;},&quot;_id&quot;:&quot;34c8a45&quot;,&quot;jet_parallax_layout_image_tablet&quot;:{&quot;url&quot;:&quot;&quot;,&quot;id&quot;:&quot;&quot;,&quot;size&quot;:&quot;&quot;},&quot;jet_parallax_layout_image_mobile&quot;:{&quot;url&quot;:&quot;&quot;,&quot;id&quot;:&quot;&quot;,&quot;size&quot;:&quot;&quot;},&quot;jet_parallax_layout_speed&quot;:{&quot;unit&quot;:&quot;%&quot;,&quot;size&quot;:50,&quot;sizes&quot;:[]},&quot;jet_parallax_layout_type&quot;:&quot;scroll&quot;,&quot;jet_parallax_layout_direction&quot;:&quot;1&quot;,&quot;jet_parallax_layout_fx_direction&quot;:null,&quot;jet_parallax_layout_z_index&quot;:&quot;&quot;,&quot;jet_parallax_layout_bg_x&quot;:50,&quot;jet_parallax_layout_bg_x_tablet&quot;:&quot;&quot;,&quot;jet_parallax_layout_bg_x_mobile&quot;:&quot;&quot;,&quot;jet_parallax_layout_bg_y&quot;:50,&quot;jet_parallax_layout_bg_y_tablet&quot;:&quot;&quot;,&quot;jet_parallax_layout_bg_y_mobile&quot;:&quot;&quot;,&quot;jet_parallax_layout_bg_size&quot;:&quot;auto&quot;,&quot;jet_parallax_layout_bg_size_tablet&quot;:&quot;&quot;,&quot;jet_parallax_layout_bg_size_mobile&quot;:&quot;&quot;,&quot;jet_parallax_layout_animation_prop&quot;:&quot;transform&quot;,&quot;jet_parallax_layout_on&quot;:[&quot;desktop&quot;,&quot;tablet&quot;]}]}\">\n\t\t\t\t\t\t<div class=\"elementor-container elementor-column-gap-default\">\n\t\t\t\t\t<div class=\"elementor-column elementor-col-100 elementor-top-column elementor-element elementor-element-103c6cf\" data-id=\"103c6cf\" data-element_type=\"column\" data-e-type=\"column\">\n\t\t\t<div class=\"elementor-widget-wrap elementor-element-populated\">\n\t\t\t\t\t\t<div class=\"elementor-element elementor-element-575dd58 elementor-widget elementor-widget-text-editor\" data-id=\"575dd58\" data-element_type=\"widget\" data-e-type=\"widget\" data-widget_type=\"text-editor.default\">\n\t\t\t\t<div class=\"elementor-widget-container\">\n\t\t\t\t\t\t\t\t\t<img decoding=\"async\" class=\"alignnone size-full wp-image-100\" src=\"https:\/\/masserianarducci.it\/wp-content\/uploads\/2021\/07\/Esperienze.svg\" alt=\"\" width=\"25\" height=\"36\" \/><span style=\"color: #d0a539;\"><strong>ESPERIENZE<\/strong><\/span>\t\t\t\t\t\t\t\t<\/div>\n\t\t\t\t<\/div>\n\t\t\t\t<div class=\"elementor-element elementor-element-35d8117 elementor-widget elementor-widget-heading\" data-id=\"35d8117\" data-element_type=\"widget\" data-e-type=\"widget\" data-widget_type=\"heading.default\">\n\t\t\t\t<div class=\"elementor-widget-container\">\n\t\t\t\t\t<h1 class=\"elementor-heading-title elementor-size-default\">Monopoli<\/h1>\t\t\t\t<\/div>\n\t\t\t\t<\/div>\n\t\t\t\t\t<\/div>\n\t\t<\/div>\n\t\t\t\t\t<\/div>\n\t\t<\/section>\n\t\t\t\t<section class=\"elementor-section elementor-top-section elementor-element elementor-element-8937163 elementor-section-boxed elementor-section-height-default elementor-section-height-default\" data-id=\"8937163\" data-element_type=\"section\" data-e-type=\"section\" data-settings=\"{&quot;jet_parallax_layout_list&quot;:[{&quot;jet_parallax_layout_image&quot;:{&quot;url&quot;:&quot;&quot;,&quot;id&quot;:&quot;&quot;,&quot;size&quot;:&quot;&quot;},&quot;_id&quot;:&quot;dae771a&quot;,&quot;jet_parallax_layout_image_tablet&quot;:{&quot;url&quot;:&quot;&quot;,&quot;id&quot;:&quot;&quot;,&quot;size&quot;:&quot;&quot;},&quot;jet_parallax_layout_image_mobile&quot;:{&quot;url&quot;:&quot;&quot;,&quot;id&quot;:&quot;&quot;,&quot;size&quot;:&quot;&quot;},&quot;jet_parallax_layout_speed&quot;:{&quot;unit&quot;:&quot;%&quot;,&quot;size&quot;:50,&quot;sizes&quot;:[]},&quot;jet_parallax_layout_type&quot;:&quot;scroll&quot;,&quot;jet_parallax_layout_direction&quot;:&quot;1&quot;,&quot;jet_parallax_layout_fx_direction&quot;:null,&quot;jet_parallax_layout_z_index&quot;:&quot;&quot;,&quot;jet_parallax_layout_bg_x&quot;:50,&quot;jet_parallax_layout_bg_x_tablet&quot;:&quot;&quot;,&quot;jet_parallax_layout_bg_x_mobile&quot;:&quot;&quot;,&quot;jet_parallax_layout_bg_y&quot;:50,&quot;jet_parallax_layout_bg_y_tablet&quot;:&quot;&quot;,&quot;jet_parallax_layout_bg_y_mobile&quot;:&quot;&quot;,&quot;jet_parallax_layout_bg_size&quot;:&quot;auto&quot;,&quot;jet_parallax_layout_bg_size_tablet&quot;:&quot;&quot;,&quot;jet_parallax_layout_bg_size_mobile&quot;:&quot;&quot;,&quot;jet_parallax_layout_animation_prop&quot;:&quot;transform&quot;,&quot;jet_parallax_layout_on&quot;:[&quot;desktop&quot;,&quot;tablet&quot;]}]}\">\n\t\t\t\t\t\t<div class=\"elementor-container elementor-column-gap-default\">\n\t\t\t\t\t<div class=\"elementor-column elementor-col-50 elementor-top-column elementor-element elementor-element-af5febf elementor-hidden-phone\" data-id=\"af5febf\" data-element_type=\"column\" data-e-type=\"column\">\n\t\t\t<div class=\"elementor-widget-wrap\">\n\t\t\t\t\t\t\t<\/div>\n\t\t<\/div>\n\t\t\t\t<div class=\"elementor-column elementor-col-50 elementor-top-column elementor-element elementor-element-e4f6fd7\" data-id=\"e4f6fd7\" data-element_type=\"column\" data-e-type=\"column\">\n\t\t\t<div class=\"elementor-widget-wrap elementor-element-populated\">\n\t\t\t\t\t\t<div class=\"elementor-element elementor-element-59353cf elementor-widget elementor-widget-text-editor\" data-id=\"59353cf\" data-element_type=\"widget\" data-e-type=\"widget\" data-widget_type=\"text-editor.default\">\n\t\t\t\t<div class=\"elementor-widget-container\">\n\t\t\t\t\t\t\t\t\t<p>Uno dei centri pi\u00f9 importanti della Costa Adriatica. Citt\u00e0 incantevole, nota per le sue spiagge dorate e per il suo mare cristallino.<\/p><p>Questa antica citt\u00e0 \u00e8 celebre per il suo patrimonio artistico e culturale, segnato indelebilmente dalla dominazione spagnola del 1500, e per la buona cucina, tradizionale e campagnola.<\/p><p>\u00c8 considerata uno dei centri pi\u00f9 importanti della Costa Adriatica. Fiore all\u2019occhiello di questa splendida cittadina \u00e8 il porto con l\u2019adiacente castello di Carlo V. Da non perdere il contrasto tra i vicoli stretti del centro storico, l\u2019ariosit\u00e0 delle piazze e la grande quantit\u00e0 di chiese.<\/p><p>Con le sue spiagge bianche e le sue piccole insenature, il Capitolo \u00e8 oggi meta per numerosi viaggiatori. In questa frazione di Monopoli il turismo si \u00e8 maggiormente sviluppato con la nascita di lidi, spiagge e bar da vivere durante la pi\u00f9 bella stagione dell\u2019anno.<\/p>\t\t\t\t\t\t\t\t<\/div>\n\t\t\t\t<\/div>\n\t\t\t\t\t<\/div>\n\t\t<\/div>\n\t\t\t\t\t<\/div>\n\t\t<\/section>\n\t\t\t\t<section class=\"elementor-section elementor-top-section elementor-element elementor-element-b7fad85 elementor-section-boxed elementor-section-height-default elementor-section-height-default\" data-id=\"b7fad85\" data-element_type=\"section\" data-e-type=\"section\" data-settings=\"{&quot;jet_parallax_layout_list&quot;:[{&quot;jet_parallax_layout_image&quot;:{&quot;url&quot;:&quot;&quot;,&quot;id&quot;:&quot;&quot;,&quot;size&quot;:&quot;&quot;},&quot;_id&quot;:&quot;dae771a&quot;,&quot;jet_parallax_layout_image_tablet&quot;:{&quot;url&quot;:&quot;&quot;,&quot;id&quot;:&quot;&quot;,&quot;size&quot;:&quot;&quot;},&quot;jet_parallax_layout_image_mobile&quot;:{&quot;url&quot;:&quot;&quot;,&quot;id&quot;:&quot;&quot;,&quot;size&quot;:&quot;&quot;},&quot;jet_parallax_layout_speed&quot;:{&quot;unit&quot;:&quot;%&quot;,&quot;size&quot;:50,&quot;sizes&quot;:[]},&quot;jet_parallax_layout_type&quot;:&quot;scroll&quot;,&quot;jet_parallax_layout_direction&quot;:&quot;1&quot;,&quot;jet_parallax_layout_fx_direction&quot;:null,&quot;jet_parallax_layout_z_index&quot;:&quot;&quot;,&quot;jet_parallax_layout_bg_x&quot;:50,&quot;jet_parallax_layout_bg_x_tablet&quot;:&quot;&quot;,&quot;jet_parallax_layout_bg_x_mobile&quot;:&quot;&quot;,&quot;jet_parallax_layout_bg_y&quot;:50,&quot;jet_parallax_layout_bg_y_tablet&quot;:&quot;&quot;,&quot;jet_parallax_layout_bg_y_mobile&quot;:&quot;&quot;,&quot;jet_parallax_layout_bg_size&quot;:&quot;auto&quot;,&quot;jet_parallax_layout_bg_size_tablet&quot;:&quot;&quot;,&quot;jet_parallax_layout_bg_size_mobile&quot;:&quot;&quot;,&quot;jet_parallax_layout_animation_prop&quot;:&quot;transform&quot;,&quot;jet_parallax_layout_on&quot;:[&quot;desktop&quot;,&quot;tablet&quot;]}]}\">\n\t\t\t\t\t\t<div class=\"elementor-container elementor-column-gap-default\">\n\t\t\t\t\t<div class=\"elementor-column elementor-col-50 elementor-top-column elementor-element elementor-element-b6c6cc9\" data-id=\"b6c6cc9\" data-element_type=\"column\" data-e-type=\"column\">\n\t\t\t<div class=\"elementor-widget-wrap elementor-element-populated\">\n\t\t\t\t\t\t<div class=\"elementor-element elementor-element-dbaf605 elementor-widget elementor-widget-jet-button\" data-id=\"dbaf605\" data-element_type=\"widget\" data-e-type=\"widget\" data-widget_type=\"jet-button.default\">\n\t\t\t\t<div class=\"elementor-widget-container\">\n\t\t\t\t\t<div class=\"elementor-jet-button jet-elements\"><div class=\"jet-button__container\">\n\t<a class=\"jet-button__instance jet-button__instance--icon-left hover-effect-0\" href=\"https:\/\/masserianarducci.it\/esperienze\/martina-franca\/\">\n\t\t<div class=\"jet-button__plane jet-button__plane-normal\"><\/div>\n\t\t<div class=\"jet-button__plane jet-button__plane-hover\"><\/div>\n\t\t<div class=\"jet-button__state jet-button__state-normal\">\n\t\t\t<span class=\"jet-button__icon jet-elements-icon\"><i aria-hidden=\"true\" class=\"fas fa-long-arrow-alt-left\"><\/i><\/span><span class=\"jet-button__label\">localit\u00e0 precedente<\/span>\t\t<\/div>\n\t\t<div class=\"jet-button__state jet-button__state-hover\">\n\t\t\t<span class=\"jet-button__icon jet-elements-icon\"><i aria-hidden=\"true\" class=\"fas fa-long-arrow-alt-left\"><\/i><\/span><span class=\"jet-button__label\">localit\u00e0 precedente<\/span>\t\t<\/div>\n\t<\/a>\n<\/div>\n<\/div>\t\t\t\t<\/div>\n\t\t\t\t<\/div>\n\t\t\t\t\t<\/div>\n\t\t<\/div>\n\t\t\t\t<div class=\"elementor-column elementor-col-50 elementor-top-column elementor-element elementor-element-d9eeafb\" data-id=\"d9eeafb\" data-element_type=\"column\" data-e-type=\"column\">\n\t\t\t<div class=\"elementor-widget-wrap elementor-element-populated\">\n\t\t\t\t\t\t<div class=\"elementor-element elementor-element-344e03e elementor-widget elementor-widget-jet-button\" data-id=\"344e03e\" data-element_type=\"widget\" data-e-type=\"widget\" data-widget_type=\"jet-button.default\">\n\t\t\t\t<div class=\"elementor-widget-container\">\n\t\t\t\t\t<div class=\"elementor-jet-button jet-elements\"><div class=\"jet-button__container\">\n\t<a class=\"jet-button__instance jet-button__instance--icon-right hover-effect-0\" href=\"https:\/\/masserianarducci.it\/esperienze\/torre-guaceto\/\">\n\t\t<div class=\"jet-button__plane jet-button__plane-normal\"><\/div>\n\t\t<div class=\"jet-button__plane jet-button__plane-hover\"><\/div>\n\t\t<div class=\"jet-button__state jet-button__state-normal\">\n\t\t\t<span class=\"jet-button__icon jet-elements-icon\"><i aria-hidden=\"true\" class=\"fas fa-long-arrow-alt-right\"><\/i><\/span><span class=\"jet-button__label\">localit\u00e0 successiva<\/span>\t\t<\/div>\n\t\t<div class=\"jet-button__state jet-button__state-hover\">\n\t\t\t<span class=\"jet-button__icon jet-elements-icon\"><i aria-hidden=\"true\" class=\"fas fa-long-arrow-alt-right\"><\/i><\/span><span class=\"jet-button__label\">localit\u00e0 successiva<\/span>\t\t<\/div>\n\t<\/a>\n<\/div>\n<\/div>\t\t\t\t<\/div>\n\t\t\t\t<\/div>\n\t\t\t\t\t<\/div>\n\t\t<\/div>\n\t\t\t\t\t<\/div>\n\t\t<\/section>\n\t\t\t\t<\/div>\n\t\t","protected":false},"excerpt":{"rendered":"<p>ESPERIENZE Monopoli Uno dei centri pi\u00f9 importanti della Costa Adriatica. Citt\u00e0 incantevole, nota per le sue spiagge dorate e per il suo mare cristallino. Questa antica citt\u00e0 \u00e8 celebre per il suo patrimonio artistico e culturale, segnato indelebilmente dalla dominazione spagnola del 1500, e per la buona cucina, tradizionale e campagnola. \u00c8 considerata uno dei [&hellip;]<\/p>\n","protected":false},"author":1,"featured_media":0,"parent":1010,"menu_order":0,"comment_status":"closed","ping_status":"closed","template":"full-width.php","meta":{"footnotes":""},"class_list":["post-1053","page","type-page","status-publish","hentry"],"acf":[],"yoast_head":"<!-- This site is optimized with the Yoast SEO plugin v27.2 - https:\/\/yoast.com\/product\/yoast-seo-wordpress\/ -->\n<title>Monopoli- Masseria Narducci<\/title>\n<meta name=\"description\" content=\"ESPERIENZE Monopoli Uno dei centri pi\u00f9 importanti della Costa Adriatica. Citt\u00e0 incantevole, nota per le sue spiagge dorate e per il suo mare cristallino.\" \/>\n<meta name=\"robots\" content=\"index, follow, max-snippet:-1, max-image-preview:large, max-video-preview:-1\" \/>\n<link rel=\"canonical\" href=\"https:\/\/www.masserianarducci.it\/it\/esperienze\/monopoli\/\" \/>\n<meta property=\"og:locale\" content=\"it_IT\" \/>\n<meta property=\"og:type\" content=\"article\" \/>\n<meta property=\"og:title\" content=\"Monopoli- Masseria Narducci\" \/>\n<meta property=\"og:description\" content=\"ESPERIENZE Monopoli Uno dei centri pi\u00f9 importanti della Costa Adriatica. Citt\u00e0 incantevole, nota per le sue spiagge dorate e per il suo mare cristallino.\" \/>\n<meta property=\"og:url\" content=\"https:\/\/www.masserianarducci.it\/it\/esperienze\/monopoli\/\" \/>\n<meta property=\"og:site_name\" content=\"Masseria Narducci\" \/>\n<meta property=\"article:modified_time\" content=\"2022-01-20T18:00:54+00:00\" \/>\n<meta property=\"og:image\" content=\"https:\/\/masserianarducci.it\/wp-content\/uploads\/2021\/07\/Masseria-Narducci-esperienze-puglia-header-monopoli.jpg\" \/>\n<meta name=\"twitter:card\" content=\"summary_large_image\" \/>\n<meta name=\"twitter:label1\" content=\"Tempo di lettura stimato\" \/>\n\t<meta name=\"twitter:data1\" content=\"1 minuto\" \/>\n<script type=\"application\/ld+json\" class=\"yoast-schema-graph\">{\"@context\":\"https:\/\/schema.org\",\"@graph\":[{\"@type\":\"WebPage\",\"@id\":\"https:\/\/www.masserianarducci.it\/it\/esperienze\/monopoli\/\",\"url\":\"https:\/\/www.masserianarducci.it\/it\/esperienze\/monopoli\/\",\"name\":\"Monopoli- Masseria Narducci\",\"isPartOf\":{\"@id\":\"https:\/\/www.masserianarducci.it\/it\/#website\"},\"primaryImageOfPage\":{\"@id\":\"https:\/\/www.masserianarducci.it\/it\/esperienze\/monopoli\/#primaryimage\"},\"image\":{\"@id\":\"https:\/\/www.masserianarducci.it\/it\/esperienze\/monopoli\/#primaryimage\"},\"thumbnailUrl\":\"https:\/\/masserianarducci.it\/wp-content\/uploads\/2021\/07\/Masseria-Narducci-esperienze-puglia-header-monopoli.jpg\",\"datePublished\":\"2021-07-22T10:40:36+00:00\",\"dateModified\":\"2022-01-20T18:00:54+00:00\",\"description\":\"ESPERIENZE Monopoli Uno dei centri pi\u00f9 importanti della Costa Adriatica. Citt\u00e0 incantevole, nota per le sue spiagge dorate e per il suo mare cristallino.\",\"breadcrumb\":{\"@id\":\"https:\/\/www.masserianarducci.it\/it\/esperienze\/monopoli\/#breadcrumb\"},\"inLanguage\":\"it-IT\",\"potentialAction\":[{\"@type\":\"ReadAction\",\"target\":[\"https:\/\/www.masserianarducci.it\/it\/esperienze\/monopoli\/\"]}]},{\"@type\":\"ImageObject\",\"inLanguage\":\"it-IT\",\"@id\":\"https:\/\/www.masserianarducci.it\/it\/esperienze\/monopoli\/#primaryimage\",\"url\":\"https:\/\/masserianarducci.it\/wp-content\/uploads\/2021\/07\/Masseria-Narducci-esperienze-puglia-header-monopoli.jpg\",\"contentUrl\":\"https:\/\/masserianarducci.it\/wp-content\/uploads\/2021\/07\/Masseria-Narducci-esperienze-puglia-header-monopoli.jpg\"},{\"@type\":\"BreadcrumbList\",\"@id\":\"https:\/\/www.masserianarducci.it\/it\/esperienze\/monopoli\/#breadcrumb\",\"itemListElement\":[{\"@type\":\"ListItem\",\"position\":1,\"name\":\"Home\",\"item\":\"https:\/\/www.masserianarducci.it\/it\/\"},{\"@type\":\"ListItem\",\"position\":2,\"name\":\"Dintorni\",\"item\":\"https:\/\/www.masserianarducci.it\/it\/esperienze\/\"},{\"@type\":\"ListItem\",\"position\":3,\"name\":\"Monopoli\"}]},{\"@type\":\"WebSite\",\"@id\":\"https:\/\/www.masserianarducci.it\/it\/#website\",\"url\":\"https:\/\/www.masserianarducci.it\/it\/\",\"name\":\"Masseria Narducci\",\"description\":\"\",\"potentialAction\":[{\"@type\":\"SearchAction\",\"target\":{\"@type\":\"EntryPoint\",\"urlTemplate\":\"https:\/\/www.masserianarducci.it\/it\/?s={search_term_string}\"},\"query-input\":{\"@type\":\"PropertyValueSpecification\",\"valueRequired\":true,\"valueName\":\"search_term_string\"}}],\"inLanguage\":\"it-IT\"}]}<\/script>\n<!-- \/ Yoast SEO plugin. -->","yoast_head_json":{"title":"Monopoli- Masseria Narducci","description":"ESPERIENZE Monopoli Uno dei centri pi\u00f9 importanti della Costa Adriatica. Citt\u00e0 incantevole, nota per le sue spiagge dorate e per il suo mare cristallino.","robots":{"index":"index","follow":"follow","max-snippet":"max-snippet:-1","max-image-preview":"max-image-preview:large","max-video-preview":"max-video-preview:-1"},"canonical":"https:\/\/www.masserianarducci.it\/it\/esperienze\/monopoli\/","og_locale":"it_IT","og_type":"article","og_title":"Monopoli- Masseria Narducci","og_description":"ESPERIENZE Monopoli Uno dei centri pi\u00f9 importanti della Costa Adriatica. Citt\u00e0 incantevole, nota per le sue spiagge dorate e per il suo mare cristallino.","og_url":"https:\/\/www.masserianarducci.it\/it\/esperienze\/monopoli\/","og_site_name":"Masseria Narducci","article_modified_time":"2022-01-20T18:00:54+00:00","og_image":[{"url":"https:\/\/masserianarducci.it\/wp-content\/uploads\/2021\/07\/Masseria-Narducci-esperienze-puglia-header-monopoli.jpg","type":"","width":"","height":""}],"twitter_card":"summary_large_image","twitter_misc":{"Tempo di lettura stimato":"1 minuto"},"schema":{"@context":"https:\/\/schema.org","@graph":[{"@type":"WebPage","@id":"https:\/\/www.masserianarducci.it\/it\/esperienze\/monopoli\/","url":"https:\/\/www.masserianarducci.it\/it\/esperienze\/monopoli\/","name":"Monopoli- Masseria Narducci","isPartOf":{"@id":"https:\/\/www.masserianarducci.it\/it\/#website"},"primaryImageOfPage":{"@id":"https:\/\/www.masserianarducci.it\/it\/esperienze\/monopoli\/#primaryimage"},"image":{"@id":"https:\/\/www.masserianarducci.it\/it\/esperienze\/monopoli\/#primaryimage"},"thumbnailUrl":"https:\/\/masserianarducci.it\/wp-content\/uploads\/2021\/07\/Masseria-Narducci-esperienze-puglia-header-monopoli.jpg","datePublished":"2021-07-22T10:40:36+00:00","dateModified":"2022-01-20T18:00:54+00:00","description":"ESPERIENZE Monopoli Uno dei centri pi\u00f9 importanti della Costa Adriatica. Citt\u00e0 incantevole, nota per le sue spiagge dorate e per il suo mare cristallino.","breadcrumb":{"@id":"https:\/\/www.masserianarducci.it\/it\/esperienze\/monopoli\/#breadcrumb"},"inLanguage":"it-IT","potentialAction":[{"@type":"ReadAction","target":["https:\/\/www.masserianarducci.it\/it\/esperienze\/monopoli\/"]}]},{"@type":"ImageObject","inLanguage":"it-IT","@id":"https:\/\/www.masserianarducci.it\/it\/esperienze\/monopoli\/#primaryimage","url":"https:\/\/masserianarducci.it\/wp-content\/uploads\/2021\/07\/Masseria-Narducci-esperienze-puglia-header-monopoli.jpg","contentUrl":"https:\/\/masserianarducci.it\/wp-content\/uploads\/2021\/07\/Masseria-Narducci-esperienze-puglia-header-monopoli.jpg"},{"@type":"BreadcrumbList","@id":"https:\/\/www.masserianarducci.it\/it\/esperienze\/monopoli\/#breadcrumb","itemListElement":[{"@type":"ListItem","position":1,"name":"Home","item":"https:\/\/www.masserianarducci.it\/it\/"},{"@type":"ListItem","position":2,"name":"Dintorni","item":"https:\/\/www.masserianarducci.it\/it\/esperienze\/"},{"@type":"ListItem","position":3,"name":"Monopoli"}]},{"@type":"WebSite","@id":"https:\/\/www.masserianarducci.it\/it\/#website","url":"https:\/\/www.masserianarducci.it\/it\/","name":"Masseria Narducci","description":"","potentialAction":[{"@type":"SearchAction","target":{"@type":"EntryPoint","urlTemplate":"https:\/\/www.masserianarducci.it\/it\/?s={search_term_string}"},"query-input":{"@type":"PropertyValueSpecification","valueRequired":true,"valueName":"search_term_string"}}],"inLanguage":"it-IT"}]}},"_links":{"self":[{"href":"https:\/\/www.masserianarducci.it\/it\/wp-json\/wp\/v2\/pages\/1053","targetHints":{"allow":["GET"]}}],"collection":[{"href":"https:\/\/www.masserianarducci.it\/it\/wp-json\/wp\/v2\/pages"}],"about":[{"href":"https:\/\/www.masserianarducci.it\/it\/wp-json\/wp\/v2\/types\/page"}],"author":[{"embeddable":true,"href":"https:\/\/www.masserianarducci.it\/it\/wp-json\/wp\/v2\/users\/1"}],"replies":[{"embeddable":true,"href":"https:\/\/www.masserianarducci.it\/it\/wp-json\/wp\/v2\/comments?post=1053"}],"version-history":[{"count":23,"href":"https:\/\/www.masserianarducci.it\/it\/wp-json\/wp\/v2\/pages\/1053\/revisions"}],"predecessor-version":[{"id":4445,"href":"https:\/\/www.masserianarducci.it\/it\/wp-json\/wp\/v2\/pages\/1053\/revisions\/4445"}],"up":[{"embeddable":true,"href":"https:\/\/www.masserianarducci.it\/it\/wp-json\/wp\/v2\/pages\/1010"}],"wp:attachment":[{"href":"https:\/\/www.masserianarducci.it\/it\/wp-json\/wp\/v2\/media?parent=1053"}],"curies":[{"name":"wp","href":"https:\/\/api.w.org\/{rel}","templated":true}]}}