{"id":1078,"date":"2021-07-22T12:51:25","date_gmt":"2021-07-22T10:51:25","guid":{"rendered":"https:\/\/narducci.apuliasmart.it\/?page_id=1078"},"modified":"2022-01-20T18:54:56","modified_gmt":"2022-01-20T17:54:56","slug":"castellana-grotte","status":"publish","type":"page","link":"https:\/\/www.masserianarducci.it\/it\/esperienze\/castellana-grotte\/","title":{"rendered":"Castellana Grotte"},"content":{"rendered":"\t\t<div data-elementor-type=\"wp-page\" data-elementor-id=\"1078\" class=\"elementor elementor-1078\" data-elementor-post-type=\"page\">\n\t\t\t\t\t\t<section class=\"elementor-section elementor-top-section elementor-element elementor-element-6dff1170 elementor-section-full_width elementor-section-height-default elementor-section-height-default\" data-id=\"6dff1170\" data-element_type=\"section\" data-e-type=\"section\" data-settings=\"{&quot;jet_parallax_layout_list&quot;:[{&quot;jet_parallax_layout_image&quot;:{&quot;url&quot;:&quot;&quot;,&quot;id&quot;:&quot;&quot;,&quot;size&quot;:&quot;&quot;},&quot;_id&quot;:&quot;53cfc90&quot;,&quot;jet_parallax_layout_image_tablet&quot;:{&quot;url&quot;:&quot;&quot;,&quot;id&quot;:&quot;&quot;,&quot;size&quot;:&quot;&quot;},&quot;jet_parallax_layout_image_mobile&quot;:{&quot;url&quot;:&quot;&quot;,&quot;id&quot;:&quot;&quot;,&quot;size&quot;:&quot;&quot;},&quot;jet_parallax_layout_speed&quot;:{&quot;unit&quot;:&quot;%&quot;,&quot;size&quot;:50,&quot;sizes&quot;:[]},&quot;jet_parallax_layout_type&quot;:&quot;scroll&quot;,&quot;jet_parallax_layout_direction&quot;:&quot;1&quot;,&quot;jet_parallax_layout_fx_direction&quot;:null,&quot;jet_parallax_layout_z_index&quot;:&quot;&quot;,&quot;jet_parallax_layout_bg_x&quot;:50,&quot;jet_parallax_layout_bg_x_tablet&quot;:&quot;&quot;,&quot;jet_parallax_layout_bg_x_mobile&quot;:&quot;&quot;,&quot;jet_parallax_layout_bg_y&quot;:50,&quot;jet_parallax_layout_bg_y_tablet&quot;:&quot;&quot;,&quot;jet_parallax_layout_bg_y_mobile&quot;:&quot;&quot;,&quot;jet_parallax_layout_bg_size&quot;:&quot;auto&quot;,&quot;jet_parallax_layout_bg_size_tablet&quot;:&quot;&quot;,&quot;jet_parallax_layout_bg_size_mobile&quot;:&quot;&quot;,&quot;jet_parallax_layout_animation_prop&quot;:&quot;transform&quot;,&quot;jet_parallax_layout_on&quot;:[&quot;desktop&quot;,&quot;tablet&quot;]}]}\">\n\t\t\t\t\t\t<div class=\"elementor-container elementor-column-gap-default\">\n\t\t\t\t\t<div class=\"elementor-column elementor-col-100 elementor-top-column elementor-element elementor-element-5a1b54d7\" data-id=\"5a1b54d7\" data-element_type=\"column\" data-e-type=\"column\">\n\t\t\t<div class=\"elementor-widget-wrap elementor-element-populated\">\n\t\t\t\t\t\t<div class=\"elementor-element elementor-element-1d1d22c img-header elementor-widget elementor-widget-image\" data-id=\"1d1d22c\" data-element_type=\"widget\" data-e-type=\"widget\" data-widget_type=\"image.default\">\n\t\t\t\t<div class=\"elementor-widget-container\">\n\t\t\t\t\t\t\t\t\t\t\t\t\t\t\t<img fetchpriority=\"high\" decoding=\"async\" width=\"1740\" height=\"820\" src=\"https:\/\/www.masserianarducci.it\/wp-content\/uploads\/2021\/07\/Masseria-Narducci-esperienze-puglia-header-castellana-grotte.jpg\" class=\"attachment-full size-full wp-image-1274\" alt=\"Grotte di Castellana\" srcset=\"https:\/\/www.masserianarducci.it\/wp-content\/uploads\/2021\/07\/Masseria-Narducci-esperienze-puglia-header-castellana-grotte.jpg 1740w, https:\/\/www.masserianarducci.it\/wp-content\/uploads\/2021\/07\/Masseria-Narducci-esperienze-puglia-header-castellana-grotte-300x141.jpg 300w, https:\/\/www.masserianarducci.it\/wp-content\/uploads\/2021\/07\/Masseria-Narducci-esperienze-puglia-header-castellana-grotte-1024x483.jpg 1024w, https:\/\/www.masserianarducci.it\/wp-content\/uploads\/2021\/07\/Masseria-Narducci-esperienze-puglia-header-castellana-grotte-768x362.jpg 768w, https:\/\/www.masserianarducci.it\/wp-content\/uploads\/2021\/07\/Masseria-Narducci-esperienze-puglia-header-castellana-grotte-1536x724.jpg 1536w, https:\/\/www.masserianarducci.it\/wp-content\/uploads\/2021\/07\/Masseria-Narducci-esperienze-puglia-header-castellana-grotte-600x283.jpg 600w\" sizes=\"(max-width: 1740px) 100vw, 1740px\" \/>\t\t\t\t\t\t\t\t\t\t\t\t\t\t\t<\/div>\n\t\t\t\t<\/div>\n\t\t\t\t\t<\/div>\n\t\t<\/div>\n\t\t\t\t\t<\/div>\n\t\t<\/section>\n\t\t\t\t<section class=\"elementor-section elementor-top-section elementor-element elementor-element-e07554b elementor-section-boxed elementor-section-height-default elementor-section-height-default\" data-id=\"e07554b\" data-element_type=\"section\" data-e-type=\"section\" data-settings=\"{&quot;jet_parallax_layout_list&quot;:[{&quot;jet_parallax_layout_image&quot;:{&quot;url&quot;:&quot;&quot;,&quot;id&quot;:&quot;&quot;,&quot;size&quot;:&quot;&quot;},&quot;_id&quot;:&quot;34c8a45&quot;,&quot;jet_parallax_layout_image_tablet&quot;:{&quot;url&quot;:&quot;&quot;,&quot;id&quot;:&quot;&quot;,&quot;size&quot;:&quot;&quot;},&quot;jet_parallax_layout_image_mobile&quot;:{&quot;url&quot;:&quot;&quot;,&quot;id&quot;:&quot;&quot;,&quot;size&quot;:&quot;&quot;},&quot;jet_parallax_layout_speed&quot;:{&quot;unit&quot;:&quot;%&quot;,&quot;size&quot;:50,&quot;sizes&quot;:[]},&quot;jet_parallax_layout_type&quot;:&quot;scroll&quot;,&quot;jet_parallax_layout_direction&quot;:&quot;1&quot;,&quot;jet_parallax_layout_fx_direction&quot;:null,&quot;jet_parallax_layout_z_index&quot;:&quot;&quot;,&quot;jet_parallax_layout_bg_x&quot;:50,&quot;jet_parallax_layout_bg_x_tablet&quot;:&quot;&quot;,&quot;jet_parallax_layout_bg_x_mobile&quot;:&quot;&quot;,&quot;jet_parallax_layout_bg_y&quot;:50,&quot;jet_parallax_layout_bg_y_tablet&quot;:&quot;&quot;,&quot;jet_parallax_layout_bg_y_mobile&quot;:&quot;&quot;,&quot;jet_parallax_layout_bg_size&quot;:&quot;auto&quot;,&quot;jet_parallax_layout_bg_size_tablet&quot;:&quot;&quot;,&quot;jet_parallax_layout_bg_size_mobile&quot;:&quot;&quot;,&quot;jet_parallax_layout_animation_prop&quot;:&quot;transform&quot;,&quot;jet_parallax_layout_on&quot;:[&quot;desktop&quot;,&quot;tablet&quot;]}]}\">\n\t\t\t\t\t\t<div class=\"elementor-container elementor-column-gap-default\">\n\t\t\t\t\t<div class=\"elementor-column elementor-col-100 elementor-top-column elementor-element elementor-element-103c6cf\" data-id=\"103c6cf\" data-element_type=\"column\" data-e-type=\"column\">\n\t\t\t<div class=\"elementor-widget-wrap elementor-element-populated\">\n\t\t\t\t\t\t<div class=\"elementor-element elementor-element-575dd58 elementor-widget elementor-widget-text-editor\" data-id=\"575dd58\" data-element_type=\"widget\" data-e-type=\"widget\" data-widget_type=\"text-editor.default\">\n\t\t\t\t<div class=\"elementor-widget-container\">\n\t\t\t\t\t\t\t\t\t<img decoding=\"async\" class=\"alignnone size-full wp-image-100\" src=\"https:\/\/masserianarducci.it\/wp-content\/uploads\/2021\/07\/Esperienze.svg\" alt=\"\" width=\"25\" height=\"36\" \/><span style=\"color: #d0a539;\"><strong>ESPERIENZE<\/strong><\/span>\t\t\t\t\t\t\t\t<\/div>\n\t\t\t\t<\/div>\n\t\t\t\t<div class=\"elementor-element elementor-element-35d8117 elementor-widget elementor-widget-heading\" data-id=\"35d8117\" data-element_type=\"widget\" data-e-type=\"widget\" data-widget_type=\"heading.default\">\n\t\t\t\t<div class=\"elementor-widget-container\">\n\t\t\t\t\t<h1 class=\"elementor-heading-title elementor-size-default\">Castellana Grotte<\/h1>\t\t\t\t<\/div>\n\t\t\t\t<\/div>\n\t\t\t\t\t<\/div>\n\t\t<\/div>\n\t\t\t\t\t<\/div>\n\t\t<\/section>\n\t\t\t\t<section class=\"elementor-section elementor-top-section elementor-element elementor-element-8937163 elementor-section-boxed elementor-section-height-default elementor-section-height-default\" data-id=\"8937163\" data-element_type=\"section\" data-e-type=\"section\" data-settings=\"{&quot;jet_parallax_layout_list&quot;:[{&quot;jet_parallax_layout_image&quot;:{&quot;url&quot;:&quot;&quot;,&quot;id&quot;:&quot;&quot;,&quot;size&quot;:&quot;&quot;},&quot;_id&quot;:&quot;dae771a&quot;,&quot;jet_parallax_layout_image_tablet&quot;:{&quot;url&quot;:&quot;&quot;,&quot;id&quot;:&quot;&quot;,&quot;size&quot;:&quot;&quot;},&quot;jet_parallax_layout_image_mobile&quot;:{&quot;url&quot;:&quot;&quot;,&quot;id&quot;:&quot;&quot;,&quot;size&quot;:&quot;&quot;},&quot;jet_parallax_layout_speed&quot;:{&quot;unit&quot;:&quot;%&quot;,&quot;size&quot;:50,&quot;sizes&quot;:[]},&quot;jet_parallax_layout_type&quot;:&quot;scroll&quot;,&quot;jet_parallax_layout_direction&quot;:&quot;1&quot;,&quot;jet_parallax_layout_fx_direction&quot;:null,&quot;jet_parallax_layout_z_index&quot;:&quot;&quot;,&quot;jet_parallax_layout_bg_x&quot;:50,&quot;jet_parallax_layout_bg_x_tablet&quot;:&quot;&quot;,&quot;jet_parallax_layout_bg_x_mobile&quot;:&quot;&quot;,&quot;jet_parallax_layout_bg_y&quot;:50,&quot;jet_parallax_layout_bg_y_tablet&quot;:&quot;&quot;,&quot;jet_parallax_layout_bg_y_mobile&quot;:&quot;&quot;,&quot;jet_parallax_layout_bg_size&quot;:&quot;auto&quot;,&quot;jet_parallax_layout_bg_size_tablet&quot;:&quot;&quot;,&quot;jet_parallax_layout_bg_size_mobile&quot;:&quot;&quot;,&quot;jet_parallax_layout_animation_prop&quot;:&quot;transform&quot;,&quot;jet_parallax_layout_on&quot;:[&quot;desktop&quot;,&quot;tablet&quot;]}]}\">\n\t\t\t\t\t\t<div class=\"elementor-container elementor-column-gap-default\">\n\t\t\t\t\t<div class=\"elementor-column elementor-col-50 elementor-top-column elementor-element elementor-element-af5febf elementor-hidden-phone\" data-id=\"af5febf\" data-element_type=\"column\" data-e-type=\"column\">\n\t\t\t<div class=\"elementor-widget-wrap\">\n\t\t\t\t\t\t\t<\/div>\n\t\t<\/div>\n\t\t\t\t<div class=\"elementor-column elementor-col-50 elementor-top-column elementor-element elementor-element-e4f6fd7\" data-id=\"e4f6fd7\" data-element_type=\"column\" data-e-type=\"column\">\n\t\t\t<div class=\"elementor-widget-wrap elementor-element-populated\">\n\t\t\t\t\t\t<div class=\"elementor-element elementor-element-59353cf elementor-widget elementor-widget-text-editor\" data-id=\"59353cf\" data-element_type=\"widget\" data-e-type=\"widget\" data-widget_type=\"text-editor.default\">\n\t\t\t\t<div class=\"elementor-widget-container\">\n\t\t\t\t\t\t\t\t\t<p>Castellana Grotte \u00e8 conosciuta soprattutto per il complesso delle Grotte di Castellana.<\/p><p>Sono situate alle porte della Valle d\u2019Itria, a pochi chilometri da borghi incantevoli come Alberobello, Cisternino, Polignano a Mare, le Grotte di Castellana si aprono nelle Murge sud orientali.<\/p><p>La bellezza delle Grotte di Castellana richiama visitatori da tutto il mondo, e dal giorno della loro apertura al pubblico, pi\u00f9 di 15 milioni di persone hanno percorso le sue vie sotterranee.<\/p><p>Le Grotte di Castellana sono, quindi, a pieno titolo, un\u2019imperdibile occasione per ammirare uno dei luoghi naturali pi\u00f9 sorprendenti di una Puglia meravigliosa.<\/p><p>Le grotte comprendono cinque cavit\u00e0 (Grotta Nera, Salone delle Statue, Sala della Civetta, Sala dell`Altare, Grotta Bianca) e sono collegate da gallerie e corridoi, naturali e artificiali, in un percorso lungo circa tre chilometri.<\/p><p>Le formazioni stalagmitiche e stalattitiche presenti al loro interno formano affascinanti scenari lunari dai mille riflessi, offrendo al visitatore un paesaggio surreale e fiabesco.<\/p><p>La Grotta Bianca \u00e8 stata definita per il suo candore la cavit\u00e0 pi\u00f9 splendente del mondo.<\/p>\t\t\t\t\t\t\t\t<\/div>\n\t\t\t\t<\/div>\n\t\t\t\t\t<\/div>\n\t\t<\/div>\n\t\t\t\t\t<\/div>\n\t\t<\/section>\n\t\t\t\t<section class=\"elementor-section elementor-top-section elementor-element elementor-element-b7fad85 elementor-section-boxed elementor-section-height-default elementor-section-height-default\" data-id=\"b7fad85\" data-element_type=\"section\" data-e-type=\"section\" data-settings=\"{&quot;jet_parallax_layout_list&quot;:[{&quot;jet_parallax_layout_image&quot;:{&quot;url&quot;:&quot;&quot;,&quot;id&quot;:&quot;&quot;,&quot;size&quot;:&quot;&quot;},&quot;_id&quot;:&quot;dae771a&quot;,&quot;jet_parallax_layout_image_tablet&quot;:{&quot;url&quot;:&quot;&quot;,&quot;id&quot;:&quot;&quot;,&quot;size&quot;:&quot;&quot;},&quot;jet_parallax_layout_image_mobile&quot;:{&quot;url&quot;:&quot;&quot;,&quot;id&quot;:&quot;&quot;,&quot;size&quot;:&quot;&quot;},&quot;jet_parallax_layout_speed&quot;:{&quot;unit&quot;:&quot;%&quot;,&quot;size&quot;:50,&quot;sizes&quot;:[]},&quot;jet_parallax_layout_type&quot;:&quot;scroll&quot;,&quot;jet_parallax_layout_direction&quot;:&quot;1&quot;,&quot;jet_parallax_layout_fx_direction&quot;:null,&quot;jet_parallax_layout_z_index&quot;:&quot;&quot;,&quot;jet_parallax_layout_bg_x&quot;:50,&quot;jet_parallax_layout_bg_x_tablet&quot;:&quot;&quot;,&quot;jet_parallax_layout_bg_x_mobile&quot;:&quot;&quot;,&quot;jet_parallax_layout_bg_y&quot;:50,&quot;jet_parallax_layout_bg_y_tablet&quot;:&quot;&quot;,&quot;jet_parallax_layout_bg_y_mobile&quot;:&quot;&quot;,&quot;jet_parallax_layout_bg_size&quot;:&quot;auto&quot;,&quot;jet_parallax_layout_bg_size_tablet&quot;:&quot;&quot;,&quot;jet_parallax_layout_bg_size_mobile&quot;:&quot;&quot;,&quot;jet_parallax_layout_animation_prop&quot;:&quot;transform&quot;,&quot;jet_parallax_layout_on&quot;:[&quot;desktop&quot;,&quot;tablet&quot;]}]}\">\n\t\t\t\t\t\t<div class=\"elementor-container elementor-column-gap-default\">\n\t\t\t\t\t<div class=\"elementor-column elementor-col-50 elementor-top-column elementor-element elementor-element-b6c6cc9\" data-id=\"b6c6cc9\" data-element_type=\"column\" data-e-type=\"column\">\n\t\t\t<div class=\"elementor-widget-wrap elementor-element-populated\">\n\t\t\t\t\t\t<div class=\"elementor-element elementor-element-dbaf605 elementor-widget elementor-widget-jet-button\" data-id=\"dbaf605\" data-element_type=\"widget\" data-e-type=\"widget\" data-widget_type=\"jet-button.default\">\n\t\t\t\t<div class=\"elementor-widget-container\">\n\t\t\t\t\t<div class=\"elementor-jet-button jet-elements\"><div class=\"jet-button__container\">\n\t<a class=\"jet-button__instance jet-button__instance--icon-left hover-effect-0\" href=\"https:\/\/masserianarducci.it\/esperienze\/locorotondo-e-valle-ditria\/\">\n\t\t<div class=\"jet-button__plane jet-button__plane-normal\"><\/div>\n\t\t<div class=\"jet-button__plane jet-button__plane-hover\"><\/div>\n\t\t<div class=\"jet-button__state jet-button__state-normal\">\n\t\t\t<span class=\"jet-button__icon jet-elements-icon\"><i aria-hidden=\"true\" class=\"fas fa-long-arrow-alt-left\"><\/i><\/span><span class=\"jet-button__label\">localit\u00e0 precedente<\/span>\t\t<\/div>\n\t\t<div class=\"jet-button__state jet-button__state-hover\">\n\t\t\t<span class=\"jet-button__icon jet-elements-icon\"><i aria-hidden=\"true\" class=\"fas fa-long-arrow-alt-left\"><\/i><\/span><span class=\"jet-button__label\">localit\u00e0 precedente<\/span>\t\t<\/div>\n\t<\/a>\n<\/div>\n<\/div>\t\t\t\t<\/div>\n\t\t\t\t<\/div>\n\t\t\t\t\t<\/div>\n\t\t<\/div>\n\t\t\t\t<div class=\"elementor-column elementor-col-50 elementor-top-column elementor-element elementor-element-d9eeafb\" data-id=\"d9eeafb\" data-element_type=\"column\" data-e-type=\"column\">\n\t\t\t<div class=\"elementor-widget-wrap elementor-element-populated\">\n\t\t\t\t\t\t<div class=\"elementor-element elementor-element-344e03e elementor-widget elementor-widget-jet-button\" data-id=\"344e03e\" data-element_type=\"widget\" data-e-type=\"widget\" data-widget_type=\"jet-button.default\">\n\t\t\t\t<div class=\"elementor-widget-container\">\n\t\t\t\t\t<div class=\"elementor-jet-button jet-elements\"><div class=\"jet-button__container\">\n\t<a class=\"jet-button__instance jet-button__instance--icon-right hover-effect-0\" href=\"https:\/\/masserianarducci.it\/esperienze\/ostuni\/\">\n\t\t<div class=\"jet-button__plane jet-button__plane-normal\"><\/div>\n\t\t<div class=\"jet-button__plane jet-button__plane-hover\"><\/div>\n\t\t<div class=\"jet-button__state jet-button__state-normal\">\n\t\t\t<span class=\"jet-button__icon jet-elements-icon\"><i aria-hidden=\"true\" class=\"fas fa-long-arrow-alt-right\"><\/i><\/span><span class=\"jet-button__label\">localit\u00e0 successiva<\/span>\t\t<\/div>\n\t\t<div class=\"jet-button__state jet-button__state-hover\">\n\t\t\t<span class=\"jet-button__icon jet-elements-icon\"><i aria-hidden=\"true\" class=\"fas fa-long-arrow-alt-right\"><\/i><\/span><span class=\"jet-button__label\">localit\u00e0 successiva<\/span>\t\t<\/div>\n\t<\/a>\n<\/div>\n<\/div>\t\t\t\t<\/div>\n\t\t\t\t<\/div>\n\t\t\t\t\t<\/div>\n\t\t<\/div>\n\t\t\t\t\t<\/div>\n\t\t<\/section>\n\t\t\t\t<\/div>\n\t\t","protected":false},"excerpt":{"rendered":"<p>ESPERIENZE Castellana Grotte Castellana Grotte \u00e8 conosciuta soprattutto per il complesso delle Grotte di Castellana. Sono situate alle porte della Valle d\u2019Itria, a pochi chilometri da borghi incantevoli come Alberobello, Cisternino, Polignano a Mare, le Grotte di Castellana si aprono nelle Murge sud orientali. La bellezza delle Grotte di Castellana richiama visitatori da tutto il [&hellip;]<\/p>\n","protected":false},"author":1,"featured_media":0,"parent":1010,"menu_order":0,"comment_status":"closed","ping_status":"closed","template":"full-width.php","meta":{"footnotes":""},"class_list":["post-1078","page","type-page","status-publish","hentry"],"acf":[],"yoast_head":"<!-- This site is optimized with the Yoast SEO plugin v27.2 - https:\/\/yoast.com\/product\/yoast-seo-wordpress\/ -->\n<title>Castellana Grotte- Masseria Narducci<\/title>\n<meta name=\"description\" content=\"ESPERIENZE Castellana Grotte Castellana Grotte \u00e8 conosciuta soprattutto per il complesso delle Grotte di Castellana. Sono situate alle porte della Valle\" \/>\n<meta name=\"robots\" content=\"index, follow, max-snippet:-1, max-image-preview:large, max-video-preview:-1\" \/>\n<link rel=\"canonical\" href=\"https:\/\/www.masserianarducci.it\/it\/esperienze\/castellana-grotte\/\" \/>\n<meta property=\"og:locale\" content=\"it_IT\" \/>\n<meta property=\"og:type\" content=\"article\" \/>\n<meta property=\"og:title\" content=\"Castellana Grotte- Masseria Narducci\" \/>\n<meta property=\"og:description\" content=\"ESPERIENZE Castellana Grotte Castellana Grotte \u00e8 conosciuta soprattutto per il complesso delle Grotte di Castellana. Sono situate alle porte della Valle\" \/>\n<meta property=\"og:url\" content=\"https:\/\/www.masserianarducci.it\/it\/esperienze\/castellana-grotte\/\" \/>\n<meta property=\"og:site_name\" content=\"Masseria Narducci\" \/>\n<meta property=\"article:modified_time\" content=\"2022-01-20T17:54:56+00:00\" \/>\n<meta property=\"og:image\" content=\"https:\/\/masserianarducci.it\/wp-content\/uploads\/2021\/07\/Masseria-Narducci-esperienze-puglia-header-castellana-grotte.jpg\" \/>\n<meta name=\"twitter:card\" content=\"summary_large_image\" \/>\n<meta name=\"twitter:label1\" content=\"Tempo di lettura stimato\" \/>\n\t<meta name=\"twitter:data1\" content=\"1 minuto\" \/>\n<script type=\"application\/ld+json\" class=\"yoast-schema-graph\">{\"@context\":\"https:\/\/schema.org\",\"@graph\":[{\"@type\":\"WebPage\",\"@id\":\"https:\/\/www.masserianarducci.it\/it\/esperienze\/castellana-grotte\/\",\"url\":\"https:\/\/www.masserianarducci.it\/it\/esperienze\/castellana-grotte\/\",\"name\":\"Castellana Grotte- Masseria Narducci\",\"isPartOf\":{\"@id\":\"https:\/\/www.masserianarducci.it\/it\/#website\"},\"primaryImageOfPage\":{\"@id\":\"https:\/\/www.masserianarducci.it\/it\/esperienze\/castellana-grotte\/#primaryimage\"},\"image\":{\"@id\":\"https:\/\/www.masserianarducci.it\/it\/esperienze\/castellana-grotte\/#primaryimage\"},\"thumbnailUrl\":\"https:\/\/masserianarducci.it\/wp-content\/uploads\/2021\/07\/Masseria-Narducci-esperienze-puglia-header-castellana-grotte.jpg\",\"datePublished\":\"2021-07-22T10:51:25+00:00\",\"dateModified\":\"2022-01-20T17:54:56+00:00\",\"description\":\"ESPERIENZE Castellana Grotte Castellana Grotte \u00e8 conosciuta soprattutto per il complesso delle Grotte di Castellana. Sono situate alle porte della Valle\",\"breadcrumb\":{\"@id\":\"https:\/\/www.masserianarducci.it\/it\/esperienze\/castellana-grotte\/#breadcrumb\"},\"inLanguage\":\"it-IT\",\"potentialAction\":[{\"@type\":\"ReadAction\",\"target\":[\"https:\/\/www.masserianarducci.it\/it\/esperienze\/castellana-grotte\/\"]}]},{\"@type\":\"ImageObject\",\"inLanguage\":\"it-IT\",\"@id\":\"https:\/\/www.masserianarducci.it\/it\/esperienze\/castellana-grotte\/#primaryimage\",\"url\":\"https:\/\/masserianarducci.it\/wp-content\/uploads\/2021\/07\/Masseria-Narducci-esperienze-puglia-header-castellana-grotte.jpg\",\"contentUrl\":\"https:\/\/masserianarducci.it\/wp-content\/uploads\/2021\/07\/Masseria-Narducci-esperienze-puglia-header-castellana-grotte.jpg\"},{\"@type\":\"BreadcrumbList\",\"@id\":\"https:\/\/www.masserianarducci.it\/it\/esperienze\/castellana-grotte\/#breadcrumb\",\"itemListElement\":[{\"@type\":\"ListItem\",\"position\":1,\"name\":\"Home\",\"item\":\"https:\/\/www.masserianarducci.it\/it\/\"},{\"@type\":\"ListItem\",\"position\":2,\"name\":\"Dintorni\",\"item\":\"https:\/\/www.masserianarducci.it\/it\/esperienze\/\"},{\"@type\":\"ListItem\",\"position\":3,\"name\":\"Castellana Grotte\"}]},{\"@type\":\"WebSite\",\"@id\":\"https:\/\/www.masserianarducci.it\/it\/#website\",\"url\":\"https:\/\/www.masserianarducci.it\/it\/\",\"name\":\"Masseria Narducci\",\"description\":\"\",\"potentialAction\":[{\"@type\":\"SearchAction\",\"target\":{\"@type\":\"EntryPoint\",\"urlTemplate\":\"https:\/\/www.masserianarducci.it\/it\/?s={search_term_string}\"},\"query-input\":{\"@type\":\"PropertyValueSpecification\",\"valueRequired\":true,\"valueName\":\"search_term_string\"}}],\"inLanguage\":\"it-IT\"}]}<\/script>\n<!-- \/ Yoast SEO plugin. -->","yoast_head_json":{"title":"Castellana Grotte- Masseria Narducci","description":"ESPERIENZE Castellana Grotte Castellana Grotte \u00e8 conosciuta soprattutto per il complesso delle Grotte di Castellana. Sono situate alle porte della Valle","robots":{"index":"index","follow":"follow","max-snippet":"max-snippet:-1","max-image-preview":"max-image-preview:large","max-video-preview":"max-video-preview:-1"},"canonical":"https:\/\/www.masserianarducci.it\/it\/esperienze\/castellana-grotte\/","og_locale":"it_IT","og_type":"article","og_title":"Castellana Grotte- Masseria Narducci","og_description":"ESPERIENZE Castellana Grotte Castellana Grotte \u00e8 conosciuta soprattutto per il complesso delle Grotte di Castellana. Sono situate alle porte della Valle","og_url":"https:\/\/www.masserianarducci.it\/it\/esperienze\/castellana-grotte\/","og_site_name":"Masseria Narducci","article_modified_time":"2022-01-20T17:54:56+00:00","og_image":[{"url":"https:\/\/masserianarducci.it\/wp-content\/uploads\/2021\/07\/Masseria-Narducci-esperienze-puglia-header-castellana-grotte.jpg","type":"","width":"","height":""}],"twitter_card":"summary_large_image","twitter_misc":{"Tempo di lettura stimato":"1 minuto"},"schema":{"@context":"https:\/\/schema.org","@graph":[{"@type":"WebPage","@id":"https:\/\/www.masserianarducci.it\/it\/esperienze\/castellana-grotte\/","url":"https:\/\/www.masserianarducci.it\/it\/esperienze\/castellana-grotte\/","name":"Castellana Grotte- Masseria Narducci","isPartOf":{"@id":"https:\/\/www.masserianarducci.it\/it\/#website"},"primaryImageOfPage":{"@id":"https:\/\/www.masserianarducci.it\/it\/esperienze\/castellana-grotte\/#primaryimage"},"image":{"@id":"https:\/\/www.masserianarducci.it\/it\/esperienze\/castellana-grotte\/#primaryimage"},"thumbnailUrl":"https:\/\/masserianarducci.it\/wp-content\/uploads\/2021\/07\/Masseria-Narducci-esperienze-puglia-header-castellana-grotte.jpg","datePublished":"2021-07-22T10:51:25+00:00","dateModified":"2022-01-20T17:54:56+00:00","description":"ESPERIENZE Castellana Grotte Castellana Grotte \u00e8 conosciuta soprattutto per il complesso delle Grotte di Castellana. Sono situate alle porte della Valle","breadcrumb":{"@id":"https:\/\/www.masserianarducci.it\/it\/esperienze\/castellana-grotte\/#breadcrumb"},"inLanguage":"it-IT","potentialAction":[{"@type":"ReadAction","target":["https:\/\/www.masserianarducci.it\/it\/esperienze\/castellana-grotte\/"]}]},{"@type":"ImageObject","inLanguage":"it-IT","@id":"https:\/\/www.masserianarducci.it\/it\/esperienze\/castellana-grotte\/#primaryimage","url":"https:\/\/masserianarducci.it\/wp-content\/uploads\/2021\/07\/Masseria-Narducci-esperienze-puglia-header-castellana-grotte.jpg","contentUrl":"https:\/\/masserianarducci.it\/wp-content\/uploads\/2021\/07\/Masseria-Narducci-esperienze-puglia-header-castellana-grotte.jpg"},{"@type":"BreadcrumbList","@id":"https:\/\/www.masserianarducci.it\/it\/esperienze\/castellana-grotte\/#breadcrumb","itemListElement":[{"@type":"ListItem","position":1,"name":"Home","item":"https:\/\/www.masserianarducci.it\/it\/"},{"@type":"ListItem","position":2,"name":"Dintorni","item":"https:\/\/www.masserianarducci.it\/it\/esperienze\/"},{"@type":"ListItem","position":3,"name":"Castellana Grotte"}]},{"@type":"WebSite","@id":"https:\/\/www.masserianarducci.it\/it\/#website","url":"https:\/\/www.masserianarducci.it\/it\/","name":"Masseria Narducci","description":"","potentialAction":[{"@type":"SearchAction","target":{"@type":"EntryPoint","urlTemplate":"https:\/\/www.masserianarducci.it\/it\/?s={search_term_string}"},"query-input":{"@type":"PropertyValueSpecification","valueRequired":true,"valueName":"search_term_string"}}],"inLanguage":"it-IT"}]}},"_links":{"self":[{"href":"https:\/\/www.masserianarducci.it\/it\/wp-json\/wp\/v2\/pages\/1078","targetHints":{"allow":["GET"]}}],"collection":[{"href":"https:\/\/www.masserianarducci.it\/it\/wp-json\/wp\/v2\/pages"}],"about":[{"href":"https:\/\/www.masserianarducci.it\/it\/wp-json\/wp\/v2\/types\/page"}],"author":[{"embeddable":true,"href":"https:\/\/www.masserianarducci.it\/it\/wp-json\/wp\/v2\/users\/1"}],"replies":[{"embeddable":true,"href":"https:\/\/www.masserianarducci.it\/it\/wp-json\/wp\/v2\/comments?post=1078"}],"version-history":[{"count":23,"href":"https:\/\/www.masserianarducci.it\/it\/wp-json\/wp\/v2\/pages\/1078\/revisions"}],"predecessor-version":[{"id":4443,"href":"https:\/\/www.masserianarducci.it\/it\/wp-json\/wp\/v2\/pages\/1078\/revisions\/4443"}],"up":[{"embeddable":true,"href":"https:\/\/www.masserianarducci.it\/it\/wp-json\/wp\/v2\/pages\/1010"}],"wp:attachment":[{"href":"https:\/\/www.masserianarducci.it\/it\/wp-json\/wp\/v2\/media?parent=1078"}],"curies":[{"name":"wp","href":"https:\/\/api.w.org\/{rel}","templated":true}]}}